{"id":82,"date":"2022-02-04T06:03:05","date_gmt":"2022-02-04T06:03:05","guid":{"rendered":"https:\/\/xn--strmgarden1884-xpb.se\/wp-content\/?page_id=82"},"modified":"2023-04-04T20:28:23","modified_gmt":"2023-04-04T18:28:23","slug":"stuga_se","status":"publish","type":"page","link":"https:\/\/xn--strmgarden1884-xpb.se\/wp-content\/stuga_se\/","title":{"rendered":"V\u00e5r stuga"},"content":{"rendered":"<p><\/p><div class=\"wp-block-group alignwide is-style-default has-white-color has-text-color has-background\" style=\"background-color:#6d8d79\"><div class=\"wp-block-group__inner-container is-layout-flow wp-block-group-is-layout-flow\"><div class=\"wp-block-columns alignfull are-vertically-aligned-center is-style-default is-layout-flex wp-container-core-columns-is-layout-9d6595d7 wp-block-columns-is-layout-flex\"><div class=\"wp-block-column is-vertically-aligned-center is-layout-flow wp-block-column-is-layout-flow\" style=\"flex-basis:33.33%\"><div class=\"wp-block-jetpack-tiled-gallery aligncenter is-style-rectangular\"><div class=\"tiled-gallery__gallery\"><div class=\"tiled-gallery__row\"><div class=\"tiled-gallery__col\" style=\"flex-basis:100.00000%\"><figure class=\"tiled-gallery__item\"><img decoding=\"async\" srcset=\"https:\/\/i1.wp.com\/xn--strmgarden1884-xpb.se\/wp-content\/wp-content\/uploads\/2022\/07\/IMG_8271-2-1024x683.jpg?strip=info&#038;w=600&#038;ssl=1 600w,https:\/\/i1.wp.com\/xn--strmgarden1884-xpb.se\/wp-content\/wp-content\/uploads\/2022\/07\/IMG_8271-2-1024x683.jpg?strip=info&#038;w=900&#038;ssl=1 900w,https:\/\/i1.wp.com\/xn--strmgarden1884-xpb.se\/wp-content\/wp-content\/uploads\/2022\/07\/IMG_8271-2-1024x683.jpg?strip=info&#038;w=1200&#038;ssl=1 1200w,https:\/\/i1.wp.com\/xn--strmgarden1884-xpb.se\/wp-content\/wp-content\/uploads\/2022\/07\/IMG_8271-2-1024x683.jpg?strip=info&#038;w=1500&#038;ssl=1 1500w,https:\/\/i1.wp.com\/xn--strmgarden1884-xpb.se\/wp-content\/wp-content\/uploads\/2022\/07\/IMG_8271-2-1024x683.jpg?strip=info&#038;w=1800&#038;ssl=1 1800w,https:\/\/i1.wp.com\/xn--strmgarden1884-xpb.se\/wp-content\/wp-content\/uploads\/2022\/07\/IMG_8271-2-1024x683.jpg?strip=info&#038;w=2000&#038;ssl=1 2000w\" alt=\"\" data-height=\"1707\" data-id=\"1699\" data-link=\"https:\/\/xn--strmgarden1884-xpb.se\/wp-content\/stuga_se\/img_8271-2\/\" data-url=\"https:\/\/xn--strmgarden1884-xpb.se\/wp-content\/wp-content\/uploads\/2022\/07\/IMG_8271-2-1024x683.jpg\" data-width=\"2560\" src=\"https:\/\/i1.wp.com\/xn--strmgarden1884-xpb.se\/wp-content\/wp-content\/uploads\/2022\/07\/IMG_8271-2-1024x683.jpg?ssl=1\" data-amp-layout=\"responsive\"\/><\/figure><\/div><\/div><\/div><\/div><\/div>\n\n<div class=\"wp-block-column is-vertically-aligned-center has-white-color has-text-color has-background is-layout-flow wp-block-column-is-layout-flow\" style=\"background-color:#6d8d79;flex-basis:66.66%\"><p>Det h\u00e4r \u00e4r vad vi erbjuder: En lugn plats n\u00e4ra sj\u00f6ar och skog. Olika m\u00f6jligheter till fiske och andra fritidsaktiviteter i trakten.<\/p>\n\n<p> <\/p>\n\n<p>Livsmedelsaff\u00e4rer, post, apotek, j\u00e4rnhandel, kl\u00e4daff\u00e4r m m 15 minuter med bil h\u00e4rifr\u00e5n. Vill du bes\u00f6ka oss? H\u00e4r kan du se om v\u00e5ra stugor \u00e4r tillg\u00e4ngliga n\u00e4r du vill komma. Observera. F\u00f6r att se bilder, priser och mer information, scrolla ned.<\/p><\/div><\/div><\/div><\/div><div class=\"wp-block-group alignwide has-white-color has-text-color has-background\" style=\"background-color:#6d8d79\"><div class=\"wp-block-group__inner-container is-layout-flow wp-block-group-is-layout-flow\"><div class=\"wp-block-columns alignwide are-vertically-aligned-center is-layout-flex wp-container-core-columns-is-layout-9d6595d7 wp-block-columns-is-layout-flex\"><div class=\"wp-block-column is-vertically-aligned-center is-layout-flow wp-block-column-is-layout-flow\"><h2 class=\"wp-block-heading has-text-align-center has-white-color has-text-color has-background\" id=\"rod-stuga\" style=\"background-color:#6d8d79\"><a href=\"https:\/\/str\u00f6mgarden1884.se\/wp-content\/brunstuga_se\">Brun stugan<\/a><\/h2>\n\nngg_shortcode_0_placeholder<\/div>\n\n<div class=\"wp-block-column is-vertically-aligned-center is-layout-flow wp-block-column-is-layout-flow\"><h2 class=\"wp-block-heading has-text-align-center has-white-color has-text-color has-background\" id=\"rod-stuga\" style=\"background-color:#6d8d79\"><\/h2><\/div><\/div><\/div><\/div>","protected":false},"excerpt":{"rendered":"<p>Det h\u00e4r \u00e4r vad vi erbjuder: En lugn plats n\u00e4ra sj\u00f6ar och skog. Olika m\u00f6jligheter till fiske och andra fritidsaktiviteter i trakten. Livsmedelsaff\u00e4rer, post, apotek, j\u00e4rnhandel, kl\u00e4daff\u00e4r m m 15 minuter med bil h\u00e4rifr\u00e5n. Vill du bes\u00f6ka oss? H\u00e4r kan du se om v\u00e5ra stugor \u00e4r tillg\u00e4ngliga n\u00e4r du vill komma. Observera. F\u00f6r att se [&hellip;]<\/p>\n","protected":false},"author":1,"featured_media":0,"parent":0,"menu_order":0,"comment_status":"closed","ping_status":"closed","template":"","meta":{"ngg_post_thumbnail":0,"footnotes":""},"class_list":["post-82","page","type-page","status-publish","hentry"],"yoast_head":"<!-- This site is optimized with the Yoast SEO plugin v23.9 - https:\/\/yoast.com\/wordpress\/plugins\/seo\/ -->\n<title>V\u00e5r stuga - Str\u00f6mg\u00e5rden 1884 \u2013 lantliv<\/title>\n<meta name=\"robots\" content=\"index, follow, max-snippet:-1, max-image-preview:large, max-video-preview:-1\" \/>\n<link rel=\"canonical\" href=\"https:\/\/xn--strmgarden1884-xpb.se\/wp-content\/stuga_se\/\" \/>\n<meta property=\"og:locale\" content=\"de_DE\" \/>\n<meta property=\"og:type\" content=\"article\" \/>\n<meta property=\"og:title\" content=\"V\u00e5r stuga - Str\u00f6mg\u00e5rden 1884 \u2013 lantliv\" \/>\n<meta property=\"og:description\" content=\"Det h\u00e4r \u00e4r vad vi erbjuder: En lugn plats n\u00e4ra sj\u00f6ar och skog. Olika m\u00f6jligheter till fiske och andra fritidsaktiviteter i trakten. Livsmedelsaff\u00e4rer, post, apotek, j\u00e4rnhandel, kl\u00e4daff\u00e4r m m 15 minuter med bil h\u00e4rifr\u00e5n. Vill du bes\u00f6ka oss? H\u00e4r kan du se om v\u00e5ra stugor \u00e4r tillg\u00e4ngliga n\u00e4r du vill komma. Observera. F\u00f6r att se [&hellip;]\" \/>\n<meta property=\"og:url\" content=\"https:\/\/xn--strmgarden1884-xpb.se\/wp-content\/stuga_se\/\" \/>\n<meta property=\"og:site_name\" content=\"Str\u00f6mg\u00e5rden 1884 \u2013 lantliv\" \/>\n<meta property=\"article:modified_time\" content=\"2023-04-04T18:28:23+00:00\" \/>\n<meta property=\"og:image\" content=\"https:\/\/xn--strmgarden1884-xpb.se\/wp-content\/wp-content\/uploads\/2022\/02\/98cdeb5d-aea9-4908-97a9-f0d1ae966413-3-1024x1024.jpg\" \/>\n<meta name=\"twitter:card\" content=\"summary_large_image\" \/>\n<script type=\"application\/ld+json\" class=\"yoast-schema-graph\">{\"@context\":\"https:\/\/schema.org\",\"@graph\":[{\"@type\":\"WebPage\",\"@id\":\"https:\/\/xn--strmgarden1884-xpb.se\/wp-content\/stuga_se\/\",\"url\":\"https:\/\/xn--strmgarden1884-xpb.se\/wp-content\/stuga_se\/\",\"name\":\"V\u00e5r stuga - Str\u00f6mg\u00e5rden 1884 \u2013 lantliv\",\"isPartOf\":{\"@id\":\"https:\/\/xn--strmgarden1884-xpb.se\/wp-content\/#website\"},\"primaryImageOfPage\":{\"@id\":\"https:\/\/xn--strmgarden1884-xpb.se\/wp-content\/stuga_se\/#primaryimage\"},\"image\":{\"@id\":\"https:\/\/xn--strmgarden1884-xpb.se\/wp-content\/stuga_se\/#primaryimage\"},\"thumbnailUrl\":\"https:\/\/i1.wp.com\/xn--strmgarden1884-xpb.se\/wp-content\/wp-content\/uploads\/2022\/07\/IMG_8271-2-1024x683.jpg?ssl=1\",\"datePublished\":\"2022-02-04T06:03:05+00:00\",\"dateModified\":\"2023-04-04T18:28:23+00:00\",\"breadcrumb\":{\"@id\":\"https:\/\/xn--strmgarden1884-xpb.se\/wp-content\/stuga_se\/#breadcrumb\"},\"inLanguage\":\"de-CH\",\"potentialAction\":[{\"@type\":\"ReadAction\",\"target\":[\"https:\/\/xn--strmgarden1884-xpb.se\/wp-content\/stuga_se\/\"]}]},{\"@type\":\"ImageObject\",\"inLanguage\":\"de-CH\",\"@id\":\"https:\/\/xn--strmgarden1884-xpb.se\/wp-content\/stuga_se\/#primaryimage\",\"url\":\"https:\/\/i1.wp.com\/xn--strmgarden1884-xpb.se\/wp-content\/wp-content\/uploads\/2022\/07\/IMG_8271-2-1024x683.jpg?ssl=1\",\"contentUrl\":\"https:\/\/i1.wp.com\/xn--strmgarden1884-xpb.se\/wp-content\/wp-content\/uploads\/2022\/07\/IMG_8271-2-1024x683.jpg?ssl=1\"},{\"@type\":\"BreadcrumbList\",\"@id\":\"https:\/\/xn--strmgarden1884-xpb.se\/wp-content\/stuga_se\/#breadcrumb\",\"itemListElement\":[{\"@type\":\"ListItem\",\"position\":1,\"name\":\"Startseite\",\"item\":\"https:\/\/xn--strmgarden1884-xpb.se\/wp-content\/\"},{\"@type\":\"ListItem\",\"position\":2,\"name\":\"V\u00e5ra stugor\"}]},{\"@type\":\"WebSite\",\"@id\":\"https:\/\/xn--strmgarden1884-xpb.se\/wp-content\/#website\",\"url\":\"https:\/\/xn--strmgarden1884-xpb.se\/wp-content\/\",\"name\":\"Str\u00f6mg\u00e5rden 1884 \u2013 lantliv\",\"description\":\"\",\"potentialAction\":[{\"@type\":\"SearchAction\",\"target\":{\"@type\":\"EntryPoint\",\"urlTemplate\":\"https:\/\/xn--strmgarden1884-xpb.se\/wp-content\/?s={search_term_string}\"},\"query-input\":{\"@type\":\"PropertyValueSpecification\",\"valueRequired\":true,\"valueName\":\"search_term_string\"}}],\"inLanguage\":\"de-CH\"}]}<\/script>\n<!-- \/ Yoast SEO plugin. -->","yoast_head_json":{"title":"V\u00e5r stuga - Str\u00f6mg\u00e5rden 1884 \u2013 lantliv","robots":{"index":"index","follow":"follow","max-snippet":"max-snippet:-1","max-image-preview":"max-image-preview:large","max-video-preview":"max-video-preview:-1"},"canonical":"https:\/\/xn--strmgarden1884-xpb.se\/wp-content\/stuga_se\/","og_locale":"de_DE","og_type":"article","og_title":"V\u00e5r stuga - Str\u00f6mg\u00e5rden 1884 \u2013 lantliv","og_description":"Det h\u00e4r \u00e4r vad vi erbjuder: En lugn plats n\u00e4ra sj\u00f6ar och skog. Olika m\u00f6jligheter till fiske och andra fritidsaktiviteter i trakten. Livsmedelsaff\u00e4rer, post, apotek, j\u00e4rnhandel, kl\u00e4daff\u00e4r m m 15 minuter med bil h\u00e4rifr\u00e5n. Vill du bes\u00f6ka oss? H\u00e4r kan du se om v\u00e5ra stugor \u00e4r tillg\u00e4ngliga n\u00e4r du vill komma. Observera. F\u00f6r att se [&hellip;]","og_url":"https:\/\/xn--strmgarden1884-xpb.se\/wp-content\/stuga_se\/","og_site_name":"Str\u00f6mg\u00e5rden 1884 \u2013 lantliv","article_modified_time":"2023-04-04T18:28:23+00:00","og_image":[{"url":"https:\/\/xn--strmgarden1884-xpb.se\/wp-content\/wp-content\/uploads\/2022\/02\/98cdeb5d-aea9-4908-97a9-f0d1ae966413-3-1024x1024.jpg"}],"twitter_card":"summary_large_image","schema":{"@context":"https:\/\/schema.org","@graph":[{"@type":"WebPage","@id":"https:\/\/xn--strmgarden1884-xpb.se\/wp-content\/stuga_se\/","url":"https:\/\/xn--strmgarden1884-xpb.se\/wp-content\/stuga_se\/","name":"V\u00e5r stuga - Str\u00f6mg\u00e5rden 1884 \u2013 lantliv","isPartOf":{"@id":"https:\/\/xn--strmgarden1884-xpb.se\/wp-content\/#website"},"primaryImageOfPage":{"@id":"https:\/\/xn--strmgarden1884-xpb.se\/wp-content\/stuga_se\/#primaryimage"},"image":{"@id":"https:\/\/xn--strmgarden1884-xpb.se\/wp-content\/stuga_se\/#primaryimage"},"thumbnailUrl":"https:\/\/i1.wp.com\/xn--strmgarden1884-xpb.se\/wp-content\/wp-content\/uploads\/2022\/07\/IMG_8271-2-1024x683.jpg?ssl=1","datePublished":"2022-02-04T06:03:05+00:00","dateModified":"2023-04-04T18:28:23+00:00","breadcrumb":{"@id":"https:\/\/xn--strmgarden1884-xpb.se\/wp-content\/stuga_se\/#breadcrumb"},"inLanguage":"de-CH","potentialAction":[{"@type":"ReadAction","target":["https:\/\/xn--strmgarden1884-xpb.se\/wp-content\/stuga_se\/"]}]},{"@type":"ImageObject","inLanguage":"de-CH","@id":"https:\/\/xn--strmgarden1884-xpb.se\/wp-content\/stuga_se\/#primaryimage","url":"https:\/\/i1.wp.com\/xn--strmgarden1884-xpb.se\/wp-content\/wp-content\/uploads\/2022\/07\/IMG_8271-2-1024x683.jpg?ssl=1","contentUrl":"https:\/\/i1.wp.com\/xn--strmgarden1884-xpb.se\/wp-content\/wp-content\/uploads\/2022\/07\/IMG_8271-2-1024x683.jpg?ssl=1"},{"@type":"BreadcrumbList","@id":"https:\/\/xn--strmgarden1884-xpb.se\/wp-content\/stuga_se\/#breadcrumb","itemListElement":[{"@type":"ListItem","position":1,"name":"Startseite","item":"https:\/\/xn--strmgarden1884-xpb.se\/wp-content\/"},{"@type":"ListItem","position":2,"name":"V\u00e5ra stugor"}]},{"@type":"WebSite","@id":"https:\/\/xn--strmgarden1884-xpb.se\/wp-content\/#website","url":"https:\/\/xn--strmgarden1884-xpb.se\/wp-content\/","name":"Str\u00f6mg\u00e5rden 1884 \u2013 lantliv","description":"","potentialAction":[{"@type":"SearchAction","target":{"@type":"EntryPoint","urlTemplate":"https:\/\/xn--strmgarden1884-xpb.se\/wp-content\/?s={search_term_string}"},"query-input":{"@type":"PropertyValueSpecification","valueRequired":true,"valueName":"search_term_string"}}],"inLanguage":"de-CH"}]}},"jetpack_sharing_enabled":true,"_links":{"self":[{"href":"https:\/\/xn--strmgarden1884-xpb.se\/wp-content\/wp-json\/wp\/v2\/pages\/82","targetHints":{"allow":["GET"]}}],"collection":[{"href":"https:\/\/xn--strmgarden1884-xpb.se\/wp-content\/wp-json\/wp\/v2\/pages"}],"about":[{"href":"https:\/\/xn--strmgarden1884-xpb.se\/wp-content\/wp-json\/wp\/v2\/types\/page"}],"author":[{"embeddable":true,"href":"https:\/\/xn--strmgarden1884-xpb.se\/wp-content\/wp-json\/wp\/v2\/users\/1"}],"replies":[{"embeddable":true,"href":"https:\/\/xn--strmgarden1884-xpb.se\/wp-content\/wp-json\/wp\/v2\/comments?post=82"}],"version-history":[{"count":40,"href":"https:\/\/xn--strmgarden1884-xpb.se\/wp-content\/wp-json\/wp\/v2\/pages\/82\/revisions"}],"predecessor-version":[{"id":2123,"href":"https:\/\/xn--strmgarden1884-xpb.se\/wp-content\/wp-json\/wp\/v2\/pages\/82\/revisions\/2123"}],"wp:attachment":[{"href":"https:\/\/xn--strmgarden1884-xpb.se\/wp-content\/wp-json\/wp\/v2\/media?parent=82"}],"curies":[{"name":"wp","href":"https:\/\/api.w.org\/{rel}","templated":true}]}}