{"id":218,"date":"2022-02-04T14:05:47","date_gmt":"2022-02-04T14:05:47","guid":{"rendered":"https:\/\/xn--strmgarden1884-xpb.se\/wp-content\/?page_id=218"},"modified":"2024-06-25T19:53:38","modified_gmt":"2024-06-25T17:53:38","slug":"about-us_se","status":"publish","type":"page","link":"https:\/\/xn--strmgarden1884-xpb.se\/wp-content\/about-us_se\/","title":{"rendered":"Om oss"},"content":{"rendered":"<p><\/p><div class=\"wp-block-image is-style-rounded\"><figure class=\"aligncenter size-full\"><img loading=\"lazy\" decoding=\"async\" width=\"957\" height=\"960\" src=\"https:\/\/xn--strmgarden1884-xpb.se\/wp-content\/wp-content\/uploads\/2024\/06\/Bild-om-oss.jpg\" alt=\"\" class=\"wp-image-2296\" srcset=\"https:\/\/xn--strmgarden1884-xpb.se\/wp-content\/wp-content\/uploads\/2024\/06\/Bild-om-oss.jpg 957w, https:\/\/xn--strmgarden1884-xpb.se\/wp-content\/wp-content\/uploads\/2024\/06\/Bild-om-oss-300x300.jpg 300w, https:\/\/xn--strmgarden1884-xpb.se\/wp-content\/wp-content\/uploads\/2024\/06\/Bild-om-oss-150x150.jpg 150w, https:\/\/xn--strmgarden1884-xpb.se\/wp-content\/wp-content\/uploads\/2024\/06\/Bild-om-oss-768x770.jpg 768w, https:\/\/xn--strmgarden1884-xpb.se\/wp-content\/wp-content\/uploads\/2024\/06\/Bild-om-oss-24x24.jpg 24w, https:\/\/xn--strmgarden1884-xpb.se\/wp-content\/wp-content\/uploads\/2024\/06\/Bild-om-oss-36x36.jpg 36w, https:\/\/xn--strmgarden1884-xpb.se\/wp-content\/wp-content\/uploads\/2024\/06\/Bild-om-oss-48x48.jpg 48w, https:\/\/xn--strmgarden1884-xpb.se\/wp-content\/wp-content\/uploads\/2024\/06\/Bild-om-oss-450x450.jpg 450w, https:\/\/xn--strmgarden1884-xpb.se\/wp-content\/wp-content\/uploads\/2024\/06\/Bild-om-oss-600x602.jpg 600w, https:\/\/xn--strmgarden1884-xpb.se\/wp-content\/wp-content\/uploads\/2024\/06\/Bild-om-oss-100x100.jpg 100w\" sizes=\"auto, (max-width: 957px) 100vw, 957px\" \/><\/figure><\/div><div class=\"wp-block-group alignwide has-white-color has-text-color has-background\" style=\"background-color:#6d8d79\"><div class=\"wp-block-group__inner-container is-layout-flow wp-block-group-is-layout-flow\"><div class=\"wp-block-columns alignwide is-style-default is-layout-flex wp-container-core-columns-is-layout-9d6595d7 wp-block-columns-is-layout-flex\"><div class=\"wp-block-column is-layout-flow wp-block-column-is-layout-flow\" style=\"flex-basis:100%\"><h2 class=\"wp-block-heading has-text-align-center has-white-color has-text-color has-background\" id=\"das-sind-wir\" style=\"background-color:#6d8d79\"><em><em>Det h\u00e4r \u00e4r vi<\/em><\/em><\/h2>\n\n<p class=\"has-text-align-center has-white-color has-text-color has-background has-normal-font-size\" style=\"background-color:#6d8d79\">Vi kommer fr\u00e5n Schweiz och d\u00e4r arbetade Urs som elektriker och Patricia som l\u00e4rare och sekreterare. L\u00e4nge dr\u00f6mde vi om att ha en stor tr\u00e4dg\u00e5rd och en liten bondg\u00e5rd med djur. H\u00e4r i Sverige har vi f\u00e5tt m\u00f6jlighet att f\u00f6rverkliga v\u00e5r dr\u00f6m. V\u00e5rt m\u00e5l \u00e4r att kunna f\u00f6rs\u00f6rja oss genom att driva v\u00e5r bondg\u00e5rd, v\u00e5r liten kaffestugan och att hyra ut v\u00e5r stuga och tv\u00e5 st\u00e4llplatser.&nbsp;<\/p><\/div><\/div><\/div><\/div><div class=\"wp-block-group alignwide is-style-default has-white-color has-text-color has-background\" style=\"background-color:#6d8d79;padding-top:10px;padding-right:10px;padding-bottom:10px;padding-left:10px\"><div class=\"wp-block-group__inner-container is-layout-flow wp-block-group-is-layout-flow\"><h2 class=\"wp-block-heading alignwide has-text-align-center has-white-color has-text-color has-background\" id=\"so-leben-wir\" style=\"background-color:#6d8d79\">  <em><em>Det h\u00e4r \u00e4r hur vi lever<\/em><\/em><\/h2>\n\n<div class=\"wp-block-columns alignwide are-vertically-aligned-top is-style-default has-white-color has-text-color has-background is-layout-flex wp-container-core-columns-is-layout-f5e77106 wp-block-columns-is-layout-flex\" style=\"background-color:#6d8d79;padding-top:0px;padding-right:0px;padding-bottom:0px;padding-left:0px\"><div class=\"wp-block-column is-vertically-aligned-top has-white-color has-text-color has-background is-layout-flow wp-block-column-is-layout-flow\" style=\"background-color:#6d8d79\"><div class=\"wp-block-image is-style-default\"><figure class=\"aligncenter size-large\"><img loading=\"lazy\" decoding=\"async\" width=\"942\" height=\"1024\" src=\"https:\/\/xn--strmgarden1884-xpb.se\/wp-content\/wp-content\/uploads\/2022\/02\/8e21aa15-b3e7-434c-a26f-3ea8728253cd-1-942x1024.jpg\" alt=\"\" class=\"wp-image-700\" srcset=\"https:\/\/xn--strmgarden1884-xpb.se\/wp-content\/wp-content\/uploads\/2022\/02\/8e21aa15-b3e7-434c-a26f-3ea8728253cd-1-942x1024.jpg 942w, https:\/\/xn--strmgarden1884-xpb.se\/wp-content\/wp-content\/uploads\/2022\/02\/8e21aa15-b3e7-434c-a26f-3ea8728253cd-1-600x652.jpg 600w, https:\/\/xn--strmgarden1884-xpb.se\/wp-content\/wp-content\/uploads\/2022\/02\/8e21aa15-b3e7-434c-a26f-3ea8728253cd-1-276x300.jpg 276w, https:\/\/xn--strmgarden1884-xpb.se\/wp-content\/wp-content\/uploads\/2022\/02\/8e21aa15-b3e7-434c-a26f-3ea8728253cd-1-768x835.jpg 768w, https:\/\/xn--strmgarden1884-xpb.se\/wp-content\/wp-content\/uploads\/2022\/02\/8e21aa15-b3e7-434c-a26f-3ea8728253cd-1-1413x1536.jpg 1413w, https:\/\/xn--strmgarden1884-xpb.se\/wp-content\/wp-content\/uploads\/2022\/02\/8e21aa15-b3e7-434c-a26f-3ea8728253cd-1.jpg 1472w\" sizes=\"auto, (max-width: 942px) 100vw, 942px\" \/><\/figure><\/div>\n\n<h6 class=\"wp-block-heading has-text-align-center\" id=\"shila\">Shila<\/h6>\n\n<p class=\"has-extra-small-font-size\">V\u00e5r gamla hund flyttade ocks\u00e5 med oss hit. Hon blev 15 \u00e5r den 22 januari 2024. Under vintern beh\u00f6ver hon en jacka och varmt p\u00e5 tassarna n\u00e4r hon tar promenader. Ibland tycker hon att det bara \u00e4r irriterande. S\u00e5 det \u00e4r d\u00e4rf\u00f6r att hon f\u00f6redrar att stanna inomhus i vintertiden.  Men i sommartiden \u00e4r hon ganska nyfiken och vill se, vad det \u00e4r som h\u00e4nder p\u00e5 bondg\u00e5rd. <\/p><\/div>\n\n<div class=\"wp-block-column is-vertically-aligned-top is-layout-flow wp-block-column-is-layout-flow\"><div class=\"wp-block-image\"><figure class=\"aligncenter size-thumbnail\"><img loading=\"lazy\" decoding=\"async\" width=\"150\" height=\"150\" src=\"https:\/\/xn--strmgarden1884-xpb.se\/wp-content\/wp-content\/uploads\/2022\/02\/8737d4a6-fe74-4850-bbb8-f00539db85e7-150x150.jpg\" alt=\"\" class=\"wp-image-688\" srcset=\"https:\/\/xn--strmgarden1884-xpb.se\/wp-content\/wp-content\/uploads\/2022\/02\/8737d4a6-fe74-4850-bbb8-f00539db85e7-150x150.jpg 150w, https:\/\/xn--strmgarden1884-xpb.se\/wp-content\/wp-content\/uploads\/2022\/02\/8737d4a6-fe74-4850-bbb8-f00539db85e7-450x450.jpg 450w, https:\/\/xn--strmgarden1884-xpb.se\/wp-content\/wp-content\/uploads\/2022\/02\/8737d4a6-fe74-4850-bbb8-f00539db85e7-100x100.jpg 100w, https:\/\/xn--strmgarden1884-xpb.se\/wp-content\/wp-content\/uploads\/2022\/02\/8737d4a6-fe74-4850-bbb8-f00539db85e7-600x600.jpg 600w, https:\/\/xn--strmgarden1884-xpb.se\/wp-content\/wp-content\/uploads\/2022\/02\/8737d4a6-fe74-4850-bbb8-f00539db85e7-300x300.jpg 300w, https:\/\/xn--strmgarden1884-xpb.se\/wp-content\/wp-content\/uploads\/2022\/02\/8737d4a6-fe74-4850-bbb8-f00539db85e7-1024x1024.jpg 1024w, https:\/\/xn--strmgarden1884-xpb.se\/wp-content\/wp-content\/uploads\/2022\/02\/8737d4a6-fe74-4850-bbb8-f00539db85e7-768x768.jpg 768w, https:\/\/xn--strmgarden1884-xpb.se\/wp-content\/wp-content\/uploads\/2022\/02\/8737d4a6-fe74-4850-bbb8-f00539db85e7.jpg 1440w\" sizes=\"auto, (max-width: 150px) 100vw, 150px\" \/><\/figure><\/div>\n\n<h6 class=\"wp-block-heading has-text-align-center\" id=\"wir-heizen-mit-holz\">Vi eldar med ved<\/h6>\n\n<p class=\"has-extra-small-font-size\">Vi har vattenburen v\u00e4rme. Vi eldar i en panna i k\u00e4llaren s\u00e5 att elementen sprider v\u00e4rme i huset och vi f\u00e5r varmvatten. F\u00f6rsta \u00e5ret var vi tvungna att k\u00f6pa den ved vi beh\u00f6vde. Nu f\u00e4ller vi tr\u00e4den sj\u00e4lv och g\u00f6r v\u00e5r egen ved. Det \u00e4r mycket jobb varje \u00e5r och tills nu lyckades vi inte att g\u00f6ra en f\u00f6rr\u00e5d f\u00f6r flera \u00e5r. Men vi har en ny panna, s\u00e5 vi brukar mycket mindre ved. Och det \u00e4r bra, n\u00e4r vintern \u00e4r s\u00e5\u00e5\u00e5 kallt. <\/p><\/div>\n\n<div class=\"wp-block-column is-vertically-aligned-top is-layout-flow wp-block-column-is-layout-flow\"><div class=\"wp-block-image\"><figure class=\"aligncenter size-large\"><img loading=\"lazy\" decoding=\"async\" width=\"1024\" height=\"576\" src=\"https:\/\/xn--strmgarden1884-xpb.se\/wp-content\/wp-content\/uploads\/2022\/02\/3ee2c937-7fbb-4fd4-97cc-53a5bbcecdf7-1-1024x576.jpg\" alt=\"\" class=\"wp-image-703\" srcset=\"https:\/\/xn--strmgarden1884-xpb.se\/wp-content\/wp-content\/uploads\/2022\/02\/3ee2c937-7fbb-4fd4-97cc-53a5bbcecdf7-1-1024x576.jpg 1024w, https:\/\/xn--strmgarden1884-xpb.se\/wp-content\/wp-content\/uploads\/2022\/02\/3ee2c937-7fbb-4fd4-97cc-53a5bbcecdf7-1-600x338.jpg 600w, https:\/\/xn--strmgarden1884-xpb.se\/wp-content\/wp-content\/uploads\/2022\/02\/3ee2c937-7fbb-4fd4-97cc-53a5bbcecdf7-1-300x169.jpg 300w, https:\/\/xn--strmgarden1884-xpb.se\/wp-content\/wp-content\/uploads\/2022\/02\/3ee2c937-7fbb-4fd4-97cc-53a5bbcecdf7-1-768x432.jpg 768w, https:\/\/xn--strmgarden1884-xpb.se\/wp-content\/wp-content\/uploads\/2022\/02\/3ee2c937-7fbb-4fd4-97cc-53a5bbcecdf7-1.jpg 1440w\" sizes=\"auto, (max-width: 1024px) 100vw, 1024px\" \/><\/figure><\/div>\n\n<h6 class=\"wp-block-heading has-text-align-center\" id=\"wir-tasten-uns-ran\">Vi trevar oss fram<\/h6>\n\n<p class=\"has-extra-small-font-size\"> Det f\u00f6rsta vi gjorde var att sl\u00e5 gr\u00e4set som har inte varit slagen f\u00f6r tre \u00e5r och f\u00e5 bort det s\u00e5 gott det gick fr\u00e5n v\u00e5ra framtida betesmarker. Den sortens arbete var fullst\u00e4ndigt nytt f\u00f6r oss. En erfaren bonde skulle nog ha lett \u00e5t v\u00e5r metod. Men v\u00e5rt motto \u00e4r: L\u00e4ra genom att g\u00f6ra. Och f\u00f6r oss som ett team \u00e4r det n\u00e4stan ingenting som \u00e4r om\u00f6jligt. Och naturligtvis finns det alltid n\u00e5got som vi skrattar \u00e5t tillsammans! Nu \u00e4r det s\u00e5 att vara k\u00e4ra kor, tjuren och kalvarna g\u00f6r den arbete n\u00e4r de g\u00e5r ut till bete. Det \u00e4r alltid underbar att se dem p\u00e5 marken. <\/p><\/div>\n\n<div class=\"wp-block-column is-vertically-aligned-top is-layout-flow wp-block-column-is-layout-flow\"><div class=\"wp-block-image\"><figure class=\"aligncenter size-large\"><img loading=\"lazy\" decoding=\"async\" width=\"768\" height=\"1024\" src=\"https:\/\/xn--strmgarden1884-xpb.se\/wp-content\/wp-content\/uploads\/2024\/06\/20240517_153753-768x1024.jpg\" alt=\"\" class=\"wp-image-2327\" srcset=\"https:\/\/xn--strmgarden1884-xpb.se\/wp-content\/wp-content\/uploads\/2024\/06\/20240517_153753-768x1024.jpg 768w, https:\/\/xn--strmgarden1884-xpb.se\/wp-content\/wp-content\/uploads\/2024\/06\/20240517_153753-225x300.jpg 225w, https:\/\/xn--strmgarden1884-xpb.se\/wp-content\/wp-content\/uploads\/2024\/06\/20240517_153753-1152x1536.jpg 1152w, https:\/\/xn--strmgarden1884-xpb.se\/wp-content\/wp-content\/uploads\/2024\/06\/20240517_153753-1536x2048.jpg 1536w, https:\/\/xn--strmgarden1884-xpb.se\/wp-content\/wp-content\/uploads\/2024\/06\/20240517_153753-1200x1600.jpg 1200w, https:\/\/xn--strmgarden1884-xpb.se\/wp-content\/wp-content\/uploads\/2024\/06\/20240517_153753-1980x2640.jpg 1980w, https:\/\/xn--strmgarden1884-xpb.se\/wp-content\/wp-content\/uploads\/2024\/06\/20240517_153753-18x24.jpg 18w, https:\/\/xn--strmgarden1884-xpb.se\/wp-content\/wp-content\/uploads\/2024\/06\/20240517_153753-27x36.jpg 27w, https:\/\/xn--strmgarden1884-xpb.se\/wp-content\/wp-content\/uploads\/2024\/06\/20240517_153753-36x48.jpg 36w, https:\/\/xn--strmgarden1884-xpb.se\/wp-content\/wp-content\/uploads\/2024\/06\/20240517_153753-600x800.jpg 600w, https:\/\/xn--strmgarden1884-xpb.se\/wp-content\/wp-content\/uploads\/2024\/06\/20240517_153753-scaled.jpg 1920w\" sizes=\"auto, (max-width: 768px) 100vw, 768px\" \/><\/figure><\/div>\n\n<h6 class=\"wp-block-heading has-text-align-center\" id=\"selbst-ist-der-mann\">Klarar oss sj\u00e4lva<\/h6>\n\n<p class=\"has-extra-small-font-size\">Det \u00e4r inte bara att sl\u00e5 ved, som \u00e4r ny f\u00f6r oss. Urs \u00e4r verkligen m\u00e5ngsidig. Han renoverade Kaffestugan, badrummet, stugan och mycket mer helt p\u00e5 egen hand, \u00e4r fris\u00f6r likav\u00e4l som snickare, bonde, r\u00f6rmokare, v\u00e4rme installat\u00f6r och mycket mer. Patricia l\u00e4rde sig ocks\u00e5 mycket nytt i den sista \u00e5ren. Vi \u00e4r ett bra team som kompletterar varandra perfekt och som kan motivera varandra om och om igen.<\/p><\/div>\n\n<div class=\"wp-block-column is-vertically-aligned-top is-layout-flow wp-block-column-is-layout-flow\"><div class=\"wp-block-image is-resized\"><figure class=\"aligncenter size-thumbnail\"><img loading=\"lazy\" decoding=\"async\" width=\"150\" height=\"150\" src=\"https:\/\/xn--strmgarden1884-xpb.se\/wp-content\/wp-content\/uploads\/2024\/06\/Bild-om-oss-150x150.jpg\" alt=\"\" class=\"wp-image-2296\" srcset=\"https:\/\/xn--strmgarden1884-xpb.se\/wp-content\/wp-content\/uploads\/2024\/06\/Bild-om-oss-150x150.jpg 150w, https:\/\/xn--strmgarden1884-xpb.se\/wp-content\/wp-content\/uploads\/2024\/06\/Bild-om-oss-300x300.jpg 300w, https:\/\/xn--strmgarden1884-xpb.se\/wp-content\/wp-content\/uploads\/2024\/06\/Bild-om-oss-768x770.jpg 768w, https:\/\/xn--strmgarden1884-xpb.se\/wp-content\/wp-content\/uploads\/2024\/06\/Bild-om-oss-24x24.jpg 24w, https:\/\/xn--strmgarden1884-xpb.se\/wp-content\/wp-content\/uploads\/2024\/06\/Bild-om-oss-36x36.jpg 36w, https:\/\/xn--strmgarden1884-xpb.se\/wp-content\/wp-content\/uploads\/2024\/06\/Bild-om-oss-48x48.jpg 48w, https:\/\/xn--strmgarden1884-xpb.se\/wp-content\/wp-content\/uploads\/2024\/06\/Bild-om-oss-450x450.jpg 450w, https:\/\/xn--strmgarden1884-xpb.se\/wp-content\/wp-content\/uploads\/2024\/06\/Bild-om-oss-600x602.jpg 600w, https:\/\/xn--strmgarden1884-xpb.se\/wp-content\/wp-content\/uploads\/2024\/06\/Bild-om-oss-100x100.jpg 100w, https:\/\/xn--strmgarden1884-xpb.se\/wp-content\/wp-content\/uploads\/2024\/06\/Bild-om-oss.jpg 957w\" sizes=\"auto, (max-width: 150px) 100vw, 150px\" \/><\/figure><\/div>\n\n<h6 class=\"wp-block-heading has-text-align-center\" id=\"lebensqualitat\">Livskvalit\u00e9<\/h6>\n\n<p class=\"has-extra-small-font-size\">Naturligtvis vill vi inte missa livets njutningar. Patricia \u00e4lskar att baka och att pr\u00f6va olika nya recept. Men det m\u00e5ste ocks\u00e5 finnas tid f\u00f6r att roa sig med fotografering, textning f\u00f6r hand och s\u00f6mnad, fiska, gosa med tjuren och njuter av den trevliga bes\u00f6k vi f\u00e5r ganska ofta fr\u00e5n vara sl\u00e4kt och v\u00e4nner fr\u00e5n Schweiz.<\/p><\/div><\/div><\/div><\/div>","protected":false},"excerpt":{"rendered":"<p>Det h\u00e4r \u00e4r vi Vi kommer fr\u00e5n Schweiz och d\u00e4r arbetade Urs som elektriker och Patricia som l\u00e4rare och sekreterare. L\u00e4nge dr\u00f6mde vi om att ha en stor tr\u00e4dg\u00e5rd och en liten bondg\u00e5rd med djur. H\u00e4r i Sverige har vi f\u00e5tt m\u00f6jlighet att f\u00f6rverkliga v\u00e5r dr\u00f6m. V\u00e5rt m\u00e5l \u00e4r att kunna f\u00f6rs\u00f6rja oss genom att [&hellip;]<\/p>\n","protected":false},"author":1,"featured_media":0,"parent":0,"menu_order":0,"comment_status":"closed","ping_status":"closed","template":"","meta":{"ngg_post_thumbnail":0,"footnotes":""},"class_list":["post-218","page","type-page","status-publish","hentry"],"yoast_head":"<!-- This site is optimized with the Yoast SEO plugin v23.9 - https:\/\/yoast.com\/wordpress\/plugins\/seo\/ -->\n<title>Om oss - Str\u00f6mg\u00e5rden 1884 \u2013 lantliv<\/title>\n<meta name=\"robots\" content=\"index, follow, max-snippet:-1, max-image-preview:large, max-video-preview:-1\" \/>\n<link rel=\"canonical\" href=\"https:\/\/xn--strmgarden1884-xpb.se\/wp-content\/about-us_se\/\" \/>\n<meta property=\"og:locale\" content=\"de_DE\" \/>\n<meta property=\"og:type\" content=\"article\" \/>\n<meta property=\"og:title\" content=\"Om oss - Str\u00f6mg\u00e5rden 1884 \u2013 lantliv\" \/>\n<meta property=\"og:description\" content=\"Det h\u00e4r \u00e4r vi Vi kommer fr\u00e5n Schweiz och d\u00e4r arbetade Urs som elektriker och Patricia som l\u00e4rare och sekreterare. L\u00e4nge dr\u00f6mde vi om att ha en stor tr\u00e4dg\u00e5rd och en liten bondg\u00e5rd med djur. H\u00e4r i Sverige har vi f\u00e5tt m\u00f6jlighet att f\u00f6rverkliga v\u00e5r dr\u00f6m. V\u00e5rt m\u00e5l \u00e4r att kunna f\u00f6rs\u00f6rja oss genom att [&hellip;]\" \/>\n<meta property=\"og:url\" content=\"https:\/\/xn--strmgarden1884-xpb.se\/wp-content\/about-us_se\/\" \/>\n<meta property=\"og:site_name\" content=\"Str\u00f6mg\u00e5rden 1884 \u2013 lantliv\" \/>\n<meta property=\"article:modified_time\" content=\"2024-06-25T17:53:38+00:00\" \/>\n<meta property=\"og:image\" content=\"https:\/\/xn--strmgarden1884-xpb.se\/wp-content\/wp-content\/uploads\/2022\/05\/20220420_213045-1.jpg\" \/>\n<meta name=\"twitter:card\" content=\"summary_large_image\" \/>\n<meta name=\"twitter:label1\" content=\"Gesch\u00e4tzte Lesezeit\" \/>\n\t<meta name=\"twitter:data1\" content=\"3\u00a0Minuten\" \/>\n<script type=\"application\/ld+json\" class=\"yoast-schema-graph\">{\"@context\":\"https:\/\/schema.org\",\"@graph\":[{\"@type\":\"WebPage\",\"@id\":\"https:\/\/xn--strmgarden1884-xpb.se\/wp-content\/about-us_se\/\",\"url\":\"https:\/\/xn--strmgarden1884-xpb.se\/wp-content\/about-us_se\/\",\"name\":\"Om oss - Str\u00f6mg\u00e5rden 1884 \u2013 lantliv\",\"isPartOf\":{\"@id\":\"https:\/\/xn--strmgarden1884-xpb.se\/wp-content\/#website\"},\"primaryImageOfPage\":{\"@id\":\"https:\/\/xn--strmgarden1884-xpb.se\/wp-content\/about-us_se\/#primaryimage\"},\"image\":{\"@id\":\"https:\/\/xn--strmgarden1884-xpb.se\/wp-content\/about-us_se\/#primaryimage\"},\"thumbnailUrl\":\"https:\/\/xn--strmgarden1884-xpb.se\/wp-content\/wp-content\/uploads\/2024\/06\/Bild-om-oss.jpg\",\"datePublished\":\"2022-02-04T14:05:47+00:00\",\"dateModified\":\"2024-06-25T17:53:38+00:00\",\"breadcrumb\":{\"@id\":\"https:\/\/xn--strmgarden1884-xpb.se\/wp-content\/about-us_se\/#breadcrumb\"},\"inLanguage\":\"de-CH\",\"potentialAction\":[{\"@type\":\"ReadAction\",\"target\":[\"https:\/\/xn--strmgarden1884-xpb.se\/wp-content\/about-us_se\/\"]}]},{\"@type\":\"ImageObject\",\"inLanguage\":\"de-CH\",\"@id\":\"https:\/\/xn--strmgarden1884-xpb.se\/wp-content\/about-us_se\/#primaryimage\",\"url\":\"https:\/\/xn--strmgarden1884-xpb.se\/wp-content\/wp-content\/uploads\/2024\/06\/Bild-om-oss.jpg\",\"contentUrl\":\"https:\/\/xn--strmgarden1884-xpb.se\/wp-content\/wp-content\/uploads\/2024\/06\/Bild-om-oss.jpg\",\"width\":957,\"height\":960},{\"@type\":\"BreadcrumbList\",\"@id\":\"https:\/\/xn--strmgarden1884-xpb.se\/wp-content\/about-us_se\/#breadcrumb\",\"itemListElement\":[{\"@type\":\"ListItem\",\"position\":1,\"name\":\"Startseite\",\"item\":\"https:\/\/xn--strmgarden1884-xpb.se\/wp-content\/\"},{\"@type\":\"ListItem\",\"position\":2,\"name\":\"Om oss\"}]},{\"@type\":\"WebSite\",\"@id\":\"https:\/\/xn--strmgarden1884-xpb.se\/wp-content\/#website\",\"url\":\"https:\/\/xn--strmgarden1884-xpb.se\/wp-content\/\",\"name\":\"Str\u00f6mg\u00e5rden 1884 \u2013 lantliv\",\"description\":\"\",\"potentialAction\":[{\"@type\":\"SearchAction\",\"target\":{\"@type\":\"EntryPoint\",\"urlTemplate\":\"https:\/\/xn--strmgarden1884-xpb.se\/wp-content\/?s={search_term_string}\"},\"query-input\":{\"@type\":\"PropertyValueSpecification\",\"valueRequired\":true,\"valueName\":\"search_term_string\"}}],\"inLanguage\":\"de-CH\"}]}<\/script>\n<!-- \/ Yoast SEO plugin. -->","yoast_head_json":{"title":"Om oss - Str\u00f6mg\u00e5rden 1884 \u2013 lantliv","robots":{"index":"index","follow":"follow","max-snippet":"max-snippet:-1","max-image-preview":"max-image-preview:large","max-video-preview":"max-video-preview:-1"},"canonical":"https:\/\/xn--strmgarden1884-xpb.se\/wp-content\/about-us_se\/","og_locale":"de_DE","og_type":"article","og_title":"Om oss - Str\u00f6mg\u00e5rden 1884 \u2013 lantliv","og_description":"Det h\u00e4r \u00e4r vi Vi kommer fr\u00e5n Schweiz och d\u00e4r arbetade Urs som elektriker och Patricia som l\u00e4rare och sekreterare. L\u00e4nge dr\u00f6mde vi om att ha en stor tr\u00e4dg\u00e5rd och en liten bondg\u00e5rd med djur. H\u00e4r i Sverige har vi f\u00e5tt m\u00f6jlighet att f\u00f6rverkliga v\u00e5r dr\u00f6m. V\u00e5rt m\u00e5l \u00e4r att kunna f\u00f6rs\u00f6rja oss genom att [&hellip;]","og_url":"https:\/\/xn--strmgarden1884-xpb.se\/wp-content\/about-us_se\/","og_site_name":"Str\u00f6mg\u00e5rden 1884 \u2013 lantliv","article_modified_time":"2024-06-25T17:53:38+00:00","og_image":[{"url":"https:\/\/xn--strmgarden1884-xpb.se\/wp-content\/wp-content\/uploads\/2022\/05\/20220420_213045-1.jpg"}],"twitter_card":"summary_large_image","twitter_misc":{"Gesch\u00e4tzte Lesezeit":"3\u00a0Minuten"},"schema":{"@context":"https:\/\/schema.org","@graph":[{"@type":"WebPage","@id":"https:\/\/xn--strmgarden1884-xpb.se\/wp-content\/about-us_se\/","url":"https:\/\/xn--strmgarden1884-xpb.se\/wp-content\/about-us_se\/","name":"Om oss - Str\u00f6mg\u00e5rden 1884 \u2013 lantliv","isPartOf":{"@id":"https:\/\/xn--strmgarden1884-xpb.se\/wp-content\/#website"},"primaryImageOfPage":{"@id":"https:\/\/xn--strmgarden1884-xpb.se\/wp-content\/about-us_se\/#primaryimage"},"image":{"@id":"https:\/\/xn--strmgarden1884-xpb.se\/wp-content\/about-us_se\/#primaryimage"},"thumbnailUrl":"https:\/\/xn--strmgarden1884-xpb.se\/wp-content\/wp-content\/uploads\/2024\/06\/Bild-om-oss.jpg","datePublished":"2022-02-04T14:05:47+00:00","dateModified":"2024-06-25T17:53:38+00:00","breadcrumb":{"@id":"https:\/\/xn--strmgarden1884-xpb.se\/wp-content\/about-us_se\/#breadcrumb"},"inLanguage":"de-CH","potentialAction":[{"@type":"ReadAction","target":["https:\/\/xn--strmgarden1884-xpb.se\/wp-content\/about-us_se\/"]}]},{"@type":"ImageObject","inLanguage":"de-CH","@id":"https:\/\/xn--strmgarden1884-xpb.se\/wp-content\/about-us_se\/#primaryimage","url":"https:\/\/xn--strmgarden1884-xpb.se\/wp-content\/wp-content\/uploads\/2024\/06\/Bild-om-oss.jpg","contentUrl":"https:\/\/xn--strmgarden1884-xpb.se\/wp-content\/wp-content\/uploads\/2024\/06\/Bild-om-oss.jpg","width":957,"height":960},{"@type":"BreadcrumbList","@id":"https:\/\/xn--strmgarden1884-xpb.se\/wp-content\/about-us_se\/#breadcrumb","itemListElement":[{"@type":"ListItem","position":1,"name":"Startseite","item":"https:\/\/xn--strmgarden1884-xpb.se\/wp-content\/"},{"@type":"ListItem","position":2,"name":"Om oss"}]},{"@type":"WebSite","@id":"https:\/\/xn--strmgarden1884-xpb.se\/wp-content\/#website","url":"https:\/\/xn--strmgarden1884-xpb.se\/wp-content\/","name":"Str\u00f6mg\u00e5rden 1884 \u2013 lantliv","description":"","potentialAction":[{"@type":"SearchAction","target":{"@type":"EntryPoint","urlTemplate":"https:\/\/xn--strmgarden1884-xpb.se\/wp-content\/?s={search_term_string}"},"query-input":{"@type":"PropertyValueSpecification","valueRequired":true,"valueName":"search_term_string"}}],"inLanguage":"de-CH"}]}},"jetpack_sharing_enabled":true,"_links":{"self":[{"href":"https:\/\/xn--strmgarden1884-xpb.se\/wp-content\/wp-json\/wp\/v2\/pages\/218","targetHints":{"allow":["GET"]}}],"collection":[{"href":"https:\/\/xn--strmgarden1884-xpb.se\/wp-content\/wp-json\/wp\/v2\/pages"}],"about":[{"href":"https:\/\/xn--strmgarden1884-xpb.se\/wp-content\/wp-json\/wp\/v2\/types\/page"}],"author":[{"embeddable":true,"href":"https:\/\/xn--strmgarden1884-xpb.se\/wp-content\/wp-json\/wp\/v2\/users\/1"}],"replies":[{"embeddable":true,"href":"https:\/\/xn--strmgarden1884-xpb.se\/wp-content\/wp-json\/wp\/v2\/comments?post=218"}],"version-history":[{"count":72,"href":"https:\/\/xn--strmgarden1884-xpb.se\/wp-content\/wp-json\/wp\/v2\/pages\/218\/revisions"}],"predecessor-version":[{"id":2329,"href":"https:\/\/xn--strmgarden1884-xpb.se\/wp-content\/wp-json\/wp\/v2\/pages\/218\/revisions\/2329"}],"wp:attachment":[{"href":"https:\/\/xn--strmgarden1884-xpb.se\/wp-content\/wp-json\/wp\/v2\/media?parent=218"}],"curies":[{"name":"wp","href":"https:\/\/api.w.org\/{rel}","templated":true}]}}