{"id":2043,"date":"2023-03-26T14:24:22","date_gmt":"2023-03-26T12:24:22","guid":{"rendered":"https:\/\/xn--strmgarden1884-xpb.se\/wp-content\/?page_id=2043"},"modified":"2024-06-12T15:24:28","modified_gmt":"2024-06-12T13:24:28","slug":"kaffeestuga_se","status":"publish","type":"page","link":"https:\/\/xn--strmgarden1884-xpb.se\/wp-content\/kaffeestuga_se\/","title":{"rendered":"Kaffestuga"},"content":{"rendered":"<p><br>V\u00e4lkommen till v\u00e5r lilla men trevliga Kaffestuga. F\u00f6rutom en del inomhusplatser erbjuder vi \u00e4ven uteserveringar under de varmare \u00e5rstiderna. H\u00e4r kan du njuta av solen och utsikten, koppla av och tr\u00e4ffa v\u00e4nner. V\u00e5rt utbud \u00e4r anpassat till svenska seder och bruk och pepprat med schweiziska influenser. Har vi v\u00e4ckt din aptit? Bra s\u00e5, f\u00f6r vi ser redan fram emot ditt bes\u00f6k!<\/p><div class=\"wp-block-group alignwide has-white-color has-background-background-color has-text-color has-background\"><div class=\"wp-block-group__inner-container is-layout-flow wp-block-group-is-layout-flow\"><div class=\"wp-block-columns alignwide are-vertically-aligned-center is-layout-flex wp-container-core-columns-is-layout-9d6595d7 wp-block-columns-is-layout-flex\"><div class=\"wp-block-column is-vertically-aligned-center is-layout-flow wp-block-column-is-layout-flow\"><h2 class=\"wp-block-heading\">\u00d6ppettider<\/h2>\n\n<p>Vi f\u00f6rbeh\u00e5ller oss r\u00e4tten att anpassa \u00f6ppettiderna efter v\u00e4dret. H\u00e4r hittar du alltid den senaste informationen:<\/p>\n\n<p><a href=\"https:\/\/www.facebook.com\/Stromgarden1884\">https:\/\/www.facebook.com\/Stromgarden1884<\/a><br><\/p><\/div>\n\n<div class=\"wp-block-column is-vertically-aligned-center is-layout-flow wp-block-column-is-layout-flow\">ngg_shortcode_0_placeholder<\/div><\/div>\n\n<div class=\"wp-block-columns alignwide is-layout-flex wp-container-core-columns-is-layout-9d6595d7 wp-block-columns-is-layout-flex\"><div class=\"wp-block-column is-layout-flow wp-block-column-is-layout-flow\">ngg_shortcode_1_placeholder<\/div>\n\n<div class=\"wp-block-column is-vertically-aligned-center is-layout-flow wp-block-column-is-layout-flow\"><h2 class=\"wp-block-heading\">V\u00e5rt erbjudande: <\/h2>\n\n<p class=\"has-small-font-size\"><br>F\u00f6rutom den oumb\u00e4rliga &#171;Fika&#187; erbjuder vi en enkel varm eller kall r\u00e4tt och skinka och ost toast. <\/p>\n\n<hr class=\"wp-block-separator has-alpha-channel-opacity is-style-wide\"\/>\n\n<p>Och det finns mer\u2026<br>Du arbetar med ditt team i n\u00e4rheten och vill \u00e4ta lunch? Du \u00e4r f\u00f6r\u00e4lskad och har n\u00e5got att fira? Du vill njuta av en kv\u00e4ll med god mat i en liten grupp? Vi \u00e4r flexibla! Kontakta oss, vi ordnar g\u00e4rna en lunch, en &#171;candle light dinner&#187; eller en evenemangskv\u00e4ll.<\/p><\/div><\/div>\n\n<div class=\"wp-block-buttons is-content-justification-center is-layout-flex wp-container-core-buttons-is-layout-16018d1d wp-block-buttons-is-layout-flex\"><\/div><\/div><\/div><p><\/p>","protected":false},"excerpt":{"rendered":"<p>V\u00e4lkommen till v\u00e5r lilla men trevliga Kaffestuga. F\u00f6rutom en del inomhusplatser erbjuder vi \u00e4ven uteserveringar under de varmare \u00e5rstiderna. H\u00e4r kan du njuta av solen och utsikten, koppla av och tr\u00e4ffa v\u00e4nner. V\u00e5rt utbud \u00e4r anpassat till svenska seder och bruk och pepprat med schweiziska influenser. Har vi v\u00e4ckt din aptit? Bra s\u00e5, f\u00f6r vi [&hellip;]<\/p>\n","protected":false},"author":1,"featured_media":0,"parent":0,"menu_order":0,"comment_status":"closed","ping_status":"closed","template":"","meta":{"ngg_post_thumbnail":0,"footnotes":""},"class_list":["post-2043","page","type-page","status-publish","hentry"],"yoast_head":"<!-- This site is optimized with the Yoast SEO plugin v23.9 - https:\/\/yoast.com\/wordpress\/plugins\/seo\/ -->\n<title>Kaffestuga - Str\u00f6mg\u00e5rden 1884 \u2013 lantliv<\/title>\n<meta name=\"robots\" content=\"index, follow, max-snippet:-1, max-image-preview:large, max-video-preview:-1\" \/>\n<link rel=\"canonical\" href=\"https:\/\/xn--strmgarden1884-xpb.se\/wp-content\/kaffeestuga_se\/\" \/>\n<meta property=\"og:locale\" content=\"de_DE\" \/>\n<meta property=\"og:type\" content=\"article\" \/>\n<meta property=\"og:title\" content=\"Kaffestuga - Str\u00f6mg\u00e5rden 1884 \u2013 lantliv\" \/>\n<meta property=\"og:description\" content=\"V\u00e4lkommen till v\u00e5r lilla men trevliga Kaffestuga. F\u00f6rutom en del inomhusplatser erbjuder vi \u00e4ven uteserveringar under de varmare \u00e5rstiderna. H\u00e4r kan du njuta av solen och utsikten, koppla av och tr\u00e4ffa v\u00e4nner. V\u00e5rt utbud \u00e4r anpassat till svenska seder och bruk och pepprat med schweiziska influenser. Har vi v\u00e4ckt din aptit? Bra s\u00e5, f\u00f6r vi [&hellip;]\" \/>\n<meta property=\"og:url\" content=\"https:\/\/xn--strmgarden1884-xpb.se\/wp-content\/kaffeestuga_se\/\" \/>\n<meta property=\"og:site_name\" content=\"Str\u00f6mg\u00e5rden 1884 \u2013 lantliv\" \/>\n<meta property=\"article:modified_time\" content=\"2024-06-12T13:24:28+00:00\" \/>\n<meta name=\"twitter:card\" content=\"summary_large_image\" \/>\n<meta name=\"twitter:label1\" content=\"Gesch\u00e4tzte Lesezeit\" \/>\n\t<meta name=\"twitter:data1\" content=\"1\u00a0Minute\" \/>\n<script type=\"application\/ld+json\" class=\"yoast-schema-graph\">{\"@context\":\"https:\/\/schema.org\",\"@graph\":[{\"@type\":\"WebPage\",\"@id\":\"https:\/\/xn--strmgarden1884-xpb.se\/wp-content\/kaffeestuga_se\/\",\"url\":\"https:\/\/xn--strmgarden1884-xpb.se\/wp-content\/kaffeestuga_se\/\",\"name\":\"Kaffestuga - Str\u00f6mg\u00e5rden 1884 \u2013 lantliv\",\"isPartOf\":{\"@id\":\"https:\/\/xn--strmgarden1884-xpb.se\/wp-content\/#website\"},\"datePublished\":\"2023-03-26T12:24:22+00:00\",\"dateModified\":\"2024-06-12T13:24:28+00:00\",\"breadcrumb\":{\"@id\":\"https:\/\/xn--strmgarden1884-xpb.se\/wp-content\/kaffeestuga_se\/#breadcrumb\"},\"inLanguage\":\"de-CH\",\"potentialAction\":[{\"@type\":\"ReadAction\",\"target\":[\"https:\/\/xn--strmgarden1884-xpb.se\/wp-content\/kaffeestuga_se\/\"]}]},{\"@type\":\"BreadcrumbList\",\"@id\":\"https:\/\/xn--strmgarden1884-xpb.se\/wp-content\/kaffeestuga_se\/#breadcrumb\",\"itemListElement\":[{\"@type\":\"ListItem\",\"position\":1,\"name\":\"Startseite\",\"item\":\"https:\/\/xn--strmgarden1884-xpb.se\/wp-content\/\"},{\"@type\":\"ListItem\",\"position\":2,\"name\":\"Kaffestuga\"}]},{\"@type\":\"WebSite\",\"@id\":\"https:\/\/xn--strmgarden1884-xpb.se\/wp-content\/#website\",\"url\":\"https:\/\/xn--strmgarden1884-xpb.se\/wp-content\/\",\"name\":\"Str\u00f6mg\u00e5rden 1884 \u2013 lantliv\",\"description\":\"\",\"potentialAction\":[{\"@type\":\"SearchAction\",\"target\":{\"@type\":\"EntryPoint\",\"urlTemplate\":\"https:\/\/xn--strmgarden1884-xpb.se\/wp-content\/?s={search_term_string}\"},\"query-input\":{\"@type\":\"PropertyValueSpecification\",\"valueRequired\":true,\"valueName\":\"search_term_string\"}}],\"inLanguage\":\"de-CH\"}]}<\/script>\n<!-- \/ Yoast SEO plugin. -->","yoast_head_json":{"title":"Kaffestuga - Str\u00f6mg\u00e5rden 1884 \u2013 lantliv","robots":{"index":"index","follow":"follow","max-snippet":"max-snippet:-1","max-image-preview":"max-image-preview:large","max-video-preview":"max-video-preview:-1"},"canonical":"https:\/\/xn--strmgarden1884-xpb.se\/wp-content\/kaffeestuga_se\/","og_locale":"de_DE","og_type":"article","og_title":"Kaffestuga - Str\u00f6mg\u00e5rden 1884 \u2013 lantliv","og_description":"V\u00e4lkommen till v\u00e5r lilla men trevliga Kaffestuga. F\u00f6rutom en del inomhusplatser erbjuder vi \u00e4ven uteserveringar under de varmare \u00e5rstiderna. H\u00e4r kan du njuta av solen och utsikten, koppla av och tr\u00e4ffa v\u00e4nner. V\u00e5rt utbud \u00e4r anpassat till svenska seder och bruk och pepprat med schweiziska influenser. Har vi v\u00e4ckt din aptit? Bra s\u00e5, f\u00f6r vi [&hellip;]","og_url":"https:\/\/xn--strmgarden1884-xpb.se\/wp-content\/kaffeestuga_se\/","og_site_name":"Str\u00f6mg\u00e5rden 1884 \u2013 lantliv","article_modified_time":"2024-06-12T13:24:28+00:00","twitter_card":"summary_large_image","twitter_misc":{"Gesch\u00e4tzte Lesezeit":"1\u00a0Minute"},"schema":{"@context":"https:\/\/schema.org","@graph":[{"@type":"WebPage","@id":"https:\/\/xn--strmgarden1884-xpb.se\/wp-content\/kaffeestuga_se\/","url":"https:\/\/xn--strmgarden1884-xpb.se\/wp-content\/kaffeestuga_se\/","name":"Kaffestuga - Str\u00f6mg\u00e5rden 1884 \u2013 lantliv","isPartOf":{"@id":"https:\/\/xn--strmgarden1884-xpb.se\/wp-content\/#website"},"datePublished":"2023-03-26T12:24:22+00:00","dateModified":"2024-06-12T13:24:28+00:00","breadcrumb":{"@id":"https:\/\/xn--strmgarden1884-xpb.se\/wp-content\/kaffeestuga_se\/#breadcrumb"},"inLanguage":"de-CH","potentialAction":[{"@type":"ReadAction","target":["https:\/\/xn--strmgarden1884-xpb.se\/wp-content\/kaffeestuga_se\/"]}]},{"@type":"BreadcrumbList","@id":"https:\/\/xn--strmgarden1884-xpb.se\/wp-content\/kaffeestuga_se\/#breadcrumb","itemListElement":[{"@type":"ListItem","position":1,"name":"Startseite","item":"https:\/\/xn--strmgarden1884-xpb.se\/wp-content\/"},{"@type":"ListItem","position":2,"name":"Kaffestuga"}]},{"@type":"WebSite","@id":"https:\/\/xn--strmgarden1884-xpb.se\/wp-content\/#website","url":"https:\/\/xn--strmgarden1884-xpb.se\/wp-content\/","name":"Str\u00f6mg\u00e5rden 1884 \u2013 lantliv","description":"","potentialAction":[{"@type":"SearchAction","target":{"@type":"EntryPoint","urlTemplate":"https:\/\/xn--strmgarden1884-xpb.se\/wp-content\/?s={search_term_string}"},"query-input":{"@type":"PropertyValueSpecification","valueRequired":true,"valueName":"search_term_string"}}],"inLanguage":"de-CH"}]}},"jetpack_sharing_enabled":true,"_links":{"self":[{"href":"https:\/\/xn--strmgarden1884-xpb.se\/wp-content\/wp-json\/wp\/v2\/pages\/2043","targetHints":{"allow":["GET"]}}],"collection":[{"href":"https:\/\/xn--strmgarden1884-xpb.se\/wp-content\/wp-json\/wp\/v2\/pages"}],"about":[{"href":"https:\/\/xn--strmgarden1884-xpb.se\/wp-content\/wp-json\/wp\/v2\/types\/page"}],"author":[{"embeddable":true,"href":"https:\/\/xn--strmgarden1884-xpb.se\/wp-content\/wp-json\/wp\/v2\/users\/1"}],"replies":[{"embeddable":true,"href":"https:\/\/xn--strmgarden1884-xpb.se\/wp-content\/wp-json\/wp\/v2\/comments?post=2043"}],"version-history":[{"count":13,"href":"https:\/\/xn--strmgarden1884-xpb.se\/wp-content\/wp-json\/wp\/v2\/pages\/2043\/revisions"}],"predecessor-version":[{"id":2318,"href":"https:\/\/xn--strmgarden1884-xpb.se\/wp-content\/wp-json\/wp\/v2\/pages\/2043\/revisions\/2318"}],"wp:attachment":[{"href":"https:\/\/xn--strmgarden1884-xpb.se\/wp-content\/wp-json\/wp\/v2\/media?parent=2043"}],"curies":[{"name":"wp","href":"https:\/\/api.w.org\/{rel}","templated":true}]}}