{"id":2033,"date":"2023-03-26T13:54:57","date_gmt":"2023-03-26T11:54:57","guid":{"rendered":"https:\/\/xn--strmgarden1884-xpb.se\/wp-content\/?page_id=2033"},"modified":"2024-06-12T15:21:09","modified_gmt":"2024-06-12T13:21:09","slug":"kaffeestuga_de","status":"publish","type":"page","link":"https:\/\/xn--strmgarden1884-xpb.se\/wp-content\/kaffeestuga_de\/","title":{"rendered":"Kaffestuga"},"content":{"rendered":"<p><br>Willkommen in unserer kleinen aber feinen Kaffestuga. Nebst einigen Innenpl\u00e4tzen bieten wir in den w\u00e4rmeren Jahreszeiten auch Aussenpl\u00e4tze an. Hier kannst du die Sonne und Aussicht geniessen, abschalten und Freunde treffen . Unser  Angebot ist den schwedischen Gepflogenheiten angepasst und mit schweizerischen Einfl\u00fcssen gespickt. Wir haben dich gwundrig gemacht? Sehr gut, denn wir freuen uns jetzt schon auf deinen Besuch!<\/p><div class=\"wp-block-group alignwide has-white-color has-background-background-color has-text-color has-background\"><div class=\"wp-block-group__inner-container is-layout-flow wp-block-group-is-layout-flow\"><div class=\"wp-block-columns alignwide are-vertically-aligned-center is-layout-flex wp-container-core-columns-is-layout-9d6595d7 wp-block-columns-is-layout-flex\"><div class=\"wp-block-column is-vertically-aligned-center is-layout-flow wp-block-column-is-layout-flow\"><h2 class=\"wp-block-heading\"><em><em>\u00d6ffnungszeiten<\/em><\/em><\/h2>\n\n<p>Wir behalten uns vor, die \u00d6ffnungszeiten dem Wetter anzupassen.<br>Hier findest du immer die aktuellsten Infos: <a href=\"https:\/\/www.facebook.com\/Stromgarden1884\">https:\/\/www.facebook.com\/Stromgarden1884<\/a><br><br><\/p>\n\n<p><\/p><\/div>\n\n<div class=\"wp-block-column is-vertically-aligned-center is-layout-flow wp-block-column-is-layout-flow\">ngg_shortcode_0_placeholder<\/div><\/div>\n\n<div class=\"wp-block-columns alignwide is-layout-flex wp-container-core-columns-is-layout-9d6595d7 wp-block-columns-is-layout-flex\"><div class=\"wp-block-column is-layout-flow wp-block-column-is-layout-flow\">ngg_shortcode_1_placeholder<\/div>\n\n<div class=\"wp-block-column is-vertically-aligned-center is-layout-flow wp-block-column-is-layout-flow\"><h2 class=\"wp-block-heading\">Unser Angebot: <\/h2>\n\n<p class=\"has-small-font-size\"><br>Aktuell bieten wir nebst der unverzichtbaren &#171;Fika&#187; auch jeweils eine kalte oder warme Mahlzeit sowie Schinken-K\u00e4se Toast an.<\/p>\n\n<hr class=\"wp-block-separator has-alpha-channel-opacity is-style-wide\"\/>\n\n<p>Und es geht noch mehr&#8230;<br>Du arbeitest mit deinem Team in der N\u00e4he und m\u00f6chtest Lunch? Ihr seid verliebt und habt etwas zu feiern? Ihr wollt in einer kleinen Gruppe einen Abend mit leckerem Essen geniessen? Wir sind flexibel! Nimm mit uns Kontakt auf, gerne organisieren wir Lunch, ein Candle-light Dinner oder einen Eventabend. <\/p><\/div><\/div><\/div><\/div>","protected":false},"excerpt":{"rendered":"<p>Willkommen in unserer kleinen aber feinen Kaffestuga. Nebst einigen Innenpl\u00e4tzen bieten wir in den w\u00e4rmeren Jahreszeiten auch Aussenpl\u00e4tze an. Hier kannst du die Sonne und Aussicht geniessen, abschalten und Freunde treffen . Unser Angebot ist den schwedischen Gepflogenheiten angepasst und mit schweizerischen Einfl\u00fcssen gespickt. Wir haben dich gwundrig gemacht? Sehr gut, denn wir freuen uns [&hellip;]<\/p>\n","protected":false},"author":1,"featured_media":0,"parent":0,"menu_order":0,"comment_status":"closed","ping_status":"closed","template":"","meta":{"ngg_post_thumbnail":0,"footnotes":""},"class_list":["post-2033","page","type-page","status-publish","hentry"],"yoast_head":"<!-- This site is optimized with the Yoast SEO plugin v23.9 - https:\/\/yoast.com\/wordpress\/plugins\/seo\/ -->\n<title>Kaffestuga - Str\u00f6mg\u00e5rden 1884 \u2013 lantliv<\/title>\n<meta name=\"robots\" content=\"index, follow, max-snippet:-1, max-image-preview:large, max-video-preview:-1\" \/>\n<link rel=\"canonical\" href=\"https:\/\/xn--strmgarden1884-xpb.se\/wp-content\/kaffeestuga_de\/\" \/>\n<meta property=\"og:locale\" content=\"de_DE\" \/>\n<meta property=\"og:type\" content=\"article\" \/>\n<meta property=\"og:title\" content=\"Kaffestuga - Str\u00f6mg\u00e5rden 1884 \u2013 lantliv\" \/>\n<meta property=\"og:description\" content=\"Willkommen in unserer kleinen aber feinen Kaffestuga. Nebst einigen Innenpl\u00e4tzen bieten wir in den w\u00e4rmeren Jahreszeiten auch Aussenpl\u00e4tze an. Hier kannst du die Sonne und Aussicht geniessen, abschalten und Freunde treffen . Unser Angebot ist den schwedischen Gepflogenheiten angepasst und mit schweizerischen Einfl\u00fcssen gespickt. Wir haben dich gwundrig gemacht? Sehr gut, denn wir freuen uns [&hellip;]\" \/>\n<meta property=\"og:url\" content=\"https:\/\/xn--strmgarden1884-xpb.se\/wp-content\/kaffeestuga_de\/\" \/>\n<meta property=\"og:site_name\" content=\"Str\u00f6mg\u00e5rden 1884 \u2013 lantliv\" \/>\n<meta property=\"article:modified_time\" content=\"2024-06-12T13:21:09+00:00\" \/>\n<meta name=\"twitter:card\" content=\"summary_large_image\" \/>\n<meta name=\"twitter:label1\" content=\"Gesch\u00e4tzte Lesezeit\" \/>\n\t<meta name=\"twitter:data1\" content=\"1\u00a0Minute\" \/>\n<script type=\"application\/ld+json\" class=\"yoast-schema-graph\">{\"@context\":\"https:\/\/schema.org\",\"@graph\":[{\"@type\":\"WebPage\",\"@id\":\"https:\/\/xn--strmgarden1884-xpb.se\/wp-content\/kaffeestuga_de\/\",\"url\":\"https:\/\/xn--strmgarden1884-xpb.se\/wp-content\/kaffeestuga_de\/\",\"name\":\"Kaffestuga - Str\u00f6mg\u00e5rden 1884 \u2013 lantliv\",\"isPartOf\":{\"@id\":\"https:\/\/xn--strmgarden1884-xpb.se\/wp-content\/#website\"},\"datePublished\":\"2023-03-26T11:54:57+00:00\",\"dateModified\":\"2024-06-12T13:21:09+00:00\",\"breadcrumb\":{\"@id\":\"https:\/\/xn--strmgarden1884-xpb.se\/wp-content\/kaffeestuga_de\/#breadcrumb\"},\"inLanguage\":\"de-CH\",\"potentialAction\":[{\"@type\":\"ReadAction\",\"target\":[\"https:\/\/xn--strmgarden1884-xpb.se\/wp-content\/kaffeestuga_de\/\"]}]},{\"@type\":\"BreadcrumbList\",\"@id\":\"https:\/\/xn--strmgarden1884-xpb.se\/wp-content\/kaffeestuga_de\/#breadcrumb\",\"itemListElement\":[{\"@type\":\"ListItem\",\"position\":1,\"name\":\"Startseite\",\"item\":\"https:\/\/xn--strmgarden1884-xpb.se\/wp-content\/\"},{\"@type\":\"ListItem\",\"position\":2,\"name\":\"Kaffestuga\"}]},{\"@type\":\"WebSite\",\"@id\":\"https:\/\/xn--strmgarden1884-xpb.se\/wp-content\/#website\",\"url\":\"https:\/\/xn--strmgarden1884-xpb.se\/wp-content\/\",\"name\":\"Str\u00f6mg\u00e5rden 1884 \u2013 lantliv\",\"description\":\"\",\"potentialAction\":[{\"@type\":\"SearchAction\",\"target\":{\"@type\":\"EntryPoint\",\"urlTemplate\":\"https:\/\/xn--strmgarden1884-xpb.se\/wp-content\/?s={search_term_string}\"},\"query-input\":{\"@type\":\"PropertyValueSpecification\",\"valueRequired\":true,\"valueName\":\"search_term_string\"}}],\"inLanguage\":\"de-CH\"}]}<\/script>\n<!-- \/ Yoast SEO plugin. -->","yoast_head_json":{"title":"Kaffestuga - Str\u00f6mg\u00e5rden 1884 \u2013 lantliv","robots":{"index":"index","follow":"follow","max-snippet":"max-snippet:-1","max-image-preview":"max-image-preview:large","max-video-preview":"max-video-preview:-1"},"canonical":"https:\/\/xn--strmgarden1884-xpb.se\/wp-content\/kaffeestuga_de\/","og_locale":"de_DE","og_type":"article","og_title":"Kaffestuga - Str\u00f6mg\u00e5rden 1884 \u2013 lantliv","og_description":"Willkommen in unserer kleinen aber feinen Kaffestuga. Nebst einigen Innenpl\u00e4tzen bieten wir in den w\u00e4rmeren Jahreszeiten auch Aussenpl\u00e4tze an. Hier kannst du die Sonne und Aussicht geniessen, abschalten und Freunde treffen . Unser Angebot ist den schwedischen Gepflogenheiten angepasst und mit schweizerischen Einfl\u00fcssen gespickt. Wir haben dich gwundrig gemacht? Sehr gut, denn wir freuen uns [&hellip;]","og_url":"https:\/\/xn--strmgarden1884-xpb.se\/wp-content\/kaffeestuga_de\/","og_site_name":"Str\u00f6mg\u00e5rden 1884 \u2013 lantliv","article_modified_time":"2024-06-12T13:21:09+00:00","twitter_card":"summary_large_image","twitter_misc":{"Gesch\u00e4tzte Lesezeit":"1\u00a0Minute"},"schema":{"@context":"https:\/\/schema.org","@graph":[{"@type":"WebPage","@id":"https:\/\/xn--strmgarden1884-xpb.se\/wp-content\/kaffeestuga_de\/","url":"https:\/\/xn--strmgarden1884-xpb.se\/wp-content\/kaffeestuga_de\/","name":"Kaffestuga - Str\u00f6mg\u00e5rden 1884 \u2013 lantliv","isPartOf":{"@id":"https:\/\/xn--strmgarden1884-xpb.se\/wp-content\/#website"},"datePublished":"2023-03-26T11:54:57+00:00","dateModified":"2024-06-12T13:21:09+00:00","breadcrumb":{"@id":"https:\/\/xn--strmgarden1884-xpb.se\/wp-content\/kaffeestuga_de\/#breadcrumb"},"inLanguage":"de-CH","potentialAction":[{"@type":"ReadAction","target":["https:\/\/xn--strmgarden1884-xpb.se\/wp-content\/kaffeestuga_de\/"]}]},{"@type":"BreadcrumbList","@id":"https:\/\/xn--strmgarden1884-xpb.se\/wp-content\/kaffeestuga_de\/#breadcrumb","itemListElement":[{"@type":"ListItem","position":1,"name":"Startseite","item":"https:\/\/xn--strmgarden1884-xpb.se\/wp-content\/"},{"@type":"ListItem","position":2,"name":"Kaffestuga"}]},{"@type":"WebSite","@id":"https:\/\/xn--strmgarden1884-xpb.se\/wp-content\/#website","url":"https:\/\/xn--strmgarden1884-xpb.se\/wp-content\/","name":"Str\u00f6mg\u00e5rden 1884 \u2013 lantliv","description":"","potentialAction":[{"@type":"SearchAction","target":{"@type":"EntryPoint","urlTemplate":"https:\/\/xn--strmgarden1884-xpb.se\/wp-content\/?s={search_term_string}"},"query-input":{"@type":"PropertyValueSpecification","valueRequired":true,"valueName":"search_term_string"}}],"inLanguage":"de-CH"}]}},"jetpack_sharing_enabled":true,"_links":{"self":[{"href":"https:\/\/xn--strmgarden1884-xpb.se\/wp-content\/wp-json\/wp\/v2\/pages\/2033","targetHints":{"allow":["GET"]}}],"collection":[{"href":"https:\/\/xn--strmgarden1884-xpb.se\/wp-content\/wp-json\/wp\/v2\/pages"}],"about":[{"href":"https:\/\/xn--strmgarden1884-xpb.se\/wp-content\/wp-json\/wp\/v2\/types\/page"}],"author":[{"embeddable":true,"href":"https:\/\/xn--strmgarden1884-xpb.se\/wp-content\/wp-json\/wp\/v2\/users\/1"}],"replies":[{"embeddable":true,"href":"https:\/\/xn--strmgarden1884-xpb.se\/wp-content\/wp-json\/wp\/v2\/comments?post=2033"}],"version-history":[{"count":20,"href":"https:\/\/xn--strmgarden1884-xpb.se\/wp-content\/wp-json\/wp\/v2\/pages\/2033\/revisions"}],"predecessor-version":[{"id":2314,"href":"https:\/\/xn--strmgarden1884-xpb.se\/wp-content\/wp-json\/wp\/v2\/pages\/2033\/revisions\/2314"}],"wp:attachment":[{"href":"https:\/\/xn--strmgarden1884-xpb.se\/wp-content\/wp-json\/wp\/v2\/media?parent=2033"}],"curies":[{"name":"wp","href":"https:\/\/api.w.org\/{rel}","templated":true}]}}