{"id":1327,"date":"2022-04-07T14:04:40","date_gmt":"2022-04-07T12:04:40","guid":{"rendered":"https:\/\/xn--strmgarden1884-xpb.se\/wp-content\/?page_id=1327"},"modified":"2022-04-07T14:06:05","modified_gmt":"2022-04-07T12:06:05","slug":"dataprotection_en","status":"publish","type":"page","link":"https:\/\/xn--strmgarden1884-xpb.se\/wp-content\/dataprotection_en\/","title":{"rendered":"Data protection"},"content":{"rendered":"<p><\/p><div class=\"wp-block-columns alignwide are-vertically-aligned-center has-background-background-color has-background is-layout-flex wp-container-core-columns-is-layout-9d6595d7 wp-block-columns-is-layout-flex\"><div class=\"wp-block-column is-vertically-aligned-center is-layout-flow wp-block-column-is-layout-flow\"><h2 class=\"wp-block-heading\" id=\"kommentare\"><em>Kommentare<\/em><\/h2>\n\n<p>Wenn Besucher Kommentare auf der Website schreiben, sammeln wir die Daten, die im Kommentar-Formular angezeigt werden, ausserdem die IP-Adresse des Besuchers und den User-Agent-String (damit wird der Browser identifiziert), um die Erkennung von Spam zu unterst\u00fctzen.<\/p>\n\n<p>Aus deiner E-Mail-Adresse kann eine anonymisierte Zeichenfolge erstellt (auch Hash genannt) und dem Gravatar-Dienst \u00fcbergeben werden, um zu pr\u00fcfen, ob du diesen benutzt. Die Datenschutzerkl\u00e4rung des Gravatar-Dienstes findest du hier: https:\/\/automattic.com\/privacy\/. Nachdem dein Kommentar freigegeben wurde, ist dein Profilbild \u00f6ffentlich im Kontext deines Kommentars sichtbar.<\/p>\n\n<h2 class=\"wp-block-heading\" id=\"medien\"><em>Medien<\/em><\/h2>\n\n<p>Wenn du ein registrierter Benutzer bist und Fotos auf diese Website l\u00e4dst, solltest du vermeiden, Fotos mit einem EXIF-GPS-Standort hochzuladen. Besucher dieser Website k\u00f6nnten Fotos, die auf dieser Website gespeichert sind, herunterladen und deren Standort-Informationen extrahieren.<\/p>\n\n<h2 class=\"wp-block-heading\" id=\"cookies\"><em>Cookies<\/em><\/h2>\n\n<p>Wenn du einen Kommentar auf unserer Website schreibst, kann das eine Einwilligung sein, deinen Namen, E-Mail-Adresse und Website in Cookies zu speichern. Dies ist eine Komfortfunktion, damit du nicht, wenn du einen weiteren Kommentar schreibst, all diese Daten erneut eingeben musst. Diese Cookies werden ein Jahr lang gespeichert.<\/p>\n\n<h2 class=\"wp-block-heading\" id=\"eingebettete-inhalte-von-anderen-websites\"><em>Eingebettete Inhalte von anderen Websites<\/em><\/h2>\n\n<p>Beitr\u00e4ge auf dieser Website k\u00f6nnen eingebettete Inhalte beinhalten (z.&nbsp;B. Videos, Bilder, Beitr\u00e4ge etc.). Eingebettete Inhalte von anderen Websites verhalten sich exakt so, als ob der Besucher die andere Website besucht h\u00e4tte.<\/p>\n\n<p>Diese Websites k\u00f6nnen Daten \u00fcber dich sammeln, Cookies benutzen, zus\u00e4tzliche Tracking-Dienste von Dritten einbetten und deine Interaktion mit diesem eingebetteten Inhalt aufzeichnen, inklusive deiner Interaktion mit dem eingebetteten Inhalt, falls du ein Konto hast und auf dieser Website angemeldet bist.<\/p>\n\n<h2 class=\"wp-block-heading\" id=\"welche-rechte-du-an-deinen-daten-hast\"><em>Welche Rechte du an deinen Daten hast<\/em><\/h2>\n\n<p>Wenn du Kommentare geschrieben hast, kannst du einen Export deiner personenbezogenen Daten bei uns anfordern, inklusive aller Daten, die du uns mitgeteilt hast. Dar\u00fcber hinaus kannst du die L\u00f6schung aller personenbezogenen Daten, die wir von dir gespeichert haben, anfordern. Dies umfasst nicht die Daten, die wir aufgrund administrativer, rechtlicher oder sicherheitsrelevanter Notwendigkeiten aufbewahren m\u00fcssen.<\/p>\n\n<h2 class=\"wp-block-heading\" id=\"wohin-wir-deine-daten-senden\"><em>Wohin wir deine Daten senden<\/em><\/h2>\n\n<p>Besucher-Kommentare k\u00f6nnten von einem automatisierten Dienst zur Spam-Erkennung untersucht werden.<\/p><\/div><\/div>","protected":false},"excerpt":{"rendered":"<p>Kommentare Wenn Besucher Kommentare auf der Website schreiben, sammeln wir die Daten, die im Kommentar-Formular angezeigt werden, ausserdem die IP-Adresse des Besuchers und den User-Agent-String (damit wird der Browser identifiziert), um die Erkennung von Spam zu unterst\u00fctzen. Aus deiner E-Mail-Adresse kann eine anonymisierte Zeichenfolge erstellt (auch Hash genannt) und dem Gravatar-Dienst \u00fcbergeben werden, um zu [&hellip;]<\/p>\n","protected":false},"author":1,"featured_media":0,"parent":0,"menu_order":0,"comment_status":"closed","ping_status":"closed","template":"","meta":{"ngg_post_thumbnail":0,"footnotes":""},"class_list":["post-1327","page","type-page","status-publish","hentry"],"yoast_head":"<!-- This site is optimized with the Yoast SEO plugin v23.9 - https:\/\/yoast.com\/wordpress\/plugins\/seo\/ -->\n<title>Data protection - Str\u00f6mg\u00e5rden 1884 \u2013 lantliv<\/title>\n<meta name=\"robots\" content=\"index, follow, max-snippet:-1, max-image-preview:large, max-video-preview:-1\" \/>\n<link rel=\"canonical\" href=\"https:\/\/xn--strmgarden1884-xpb.se\/wp-content\/dataprotection_en\/\" \/>\n<meta property=\"og:locale\" content=\"de_DE\" \/>\n<meta property=\"og:type\" content=\"article\" \/>\n<meta property=\"og:title\" content=\"Data protection - Str\u00f6mg\u00e5rden 1884 \u2013 lantliv\" \/>\n<meta property=\"og:description\" content=\"Kommentare Wenn Besucher Kommentare auf der Website schreiben, sammeln wir die Daten, die im Kommentar-Formular angezeigt werden, ausserdem die IP-Adresse des Besuchers und den User-Agent-String (damit wird der Browser identifiziert), um die Erkennung von Spam zu unterst\u00fctzen. Aus deiner E-Mail-Adresse kann eine anonymisierte Zeichenfolge erstellt (auch Hash genannt) und dem Gravatar-Dienst \u00fcbergeben werden, um zu [&hellip;]\" \/>\n<meta property=\"og:url\" content=\"https:\/\/xn--strmgarden1884-xpb.se\/wp-content\/dataprotection_en\/\" \/>\n<meta property=\"og:site_name\" content=\"Str\u00f6mg\u00e5rden 1884 \u2013 lantliv\" \/>\n<meta property=\"article:modified_time\" content=\"2022-04-07T12:06:05+00:00\" \/>\n<meta name=\"twitter:card\" content=\"summary_large_image\" \/>\n<meta name=\"twitter:label1\" content=\"Gesch\u00e4tzte Lesezeit\" \/>\n\t<meta name=\"twitter:data1\" content=\"2\u00a0Minuten\" \/>\n<script type=\"application\/ld+json\" class=\"yoast-schema-graph\">{\"@context\":\"https:\/\/schema.org\",\"@graph\":[{\"@type\":\"WebPage\",\"@id\":\"https:\/\/xn--strmgarden1884-xpb.se\/wp-content\/dataprotection_en\/\",\"url\":\"https:\/\/xn--strmgarden1884-xpb.se\/wp-content\/dataprotection_en\/\",\"name\":\"Data protection - Str\u00f6mg\u00e5rden 1884 \u2013 lantliv\",\"isPartOf\":{\"@id\":\"https:\/\/xn--strmgarden1884-xpb.se\/wp-content\/#website\"},\"datePublished\":\"2022-04-07T12:04:40+00:00\",\"dateModified\":\"2022-04-07T12:06:05+00:00\",\"breadcrumb\":{\"@id\":\"https:\/\/xn--strmgarden1884-xpb.se\/wp-content\/dataprotection_en\/#breadcrumb\"},\"inLanguage\":\"de-CH\",\"potentialAction\":[{\"@type\":\"ReadAction\",\"target\":[\"https:\/\/xn--strmgarden1884-xpb.se\/wp-content\/dataprotection_en\/\"]}]},{\"@type\":\"BreadcrumbList\",\"@id\":\"https:\/\/xn--strmgarden1884-xpb.se\/wp-content\/dataprotection_en\/#breadcrumb\",\"itemListElement\":[{\"@type\":\"ListItem\",\"position\":1,\"name\":\"Startseite\",\"item\":\"https:\/\/xn--strmgarden1884-xpb.se\/wp-content\/\"},{\"@type\":\"ListItem\",\"position\":2,\"name\":\"Data protection\"}]},{\"@type\":\"WebSite\",\"@id\":\"https:\/\/xn--strmgarden1884-xpb.se\/wp-content\/#website\",\"url\":\"https:\/\/xn--strmgarden1884-xpb.se\/wp-content\/\",\"name\":\"Str\u00f6mg\u00e5rden 1884 \u2013 lantliv\",\"description\":\"\",\"potentialAction\":[{\"@type\":\"SearchAction\",\"target\":{\"@type\":\"EntryPoint\",\"urlTemplate\":\"https:\/\/xn--strmgarden1884-xpb.se\/wp-content\/?s={search_term_string}\"},\"query-input\":{\"@type\":\"PropertyValueSpecification\",\"valueRequired\":true,\"valueName\":\"search_term_string\"}}],\"inLanguage\":\"de-CH\"}]}<\/script>\n<!-- \/ Yoast SEO plugin. -->","yoast_head_json":{"title":"Data protection - Str\u00f6mg\u00e5rden 1884 \u2013 lantliv","robots":{"index":"index","follow":"follow","max-snippet":"max-snippet:-1","max-image-preview":"max-image-preview:large","max-video-preview":"max-video-preview:-1"},"canonical":"https:\/\/xn--strmgarden1884-xpb.se\/wp-content\/dataprotection_en\/","og_locale":"de_DE","og_type":"article","og_title":"Data protection - Str\u00f6mg\u00e5rden 1884 \u2013 lantliv","og_description":"Kommentare Wenn Besucher Kommentare auf der Website schreiben, sammeln wir die Daten, die im Kommentar-Formular angezeigt werden, ausserdem die IP-Adresse des Besuchers und den User-Agent-String (damit wird der Browser identifiziert), um die Erkennung von Spam zu unterst\u00fctzen. Aus deiner E-Mail-Adresse kann eine anonymisierte Zeichenfolge erstellt (auch Hash genannt) und dem Gravatar-Dienst \u00fcbergeben werden, um zu [&hellip;]","og_url":"https:\/\/xn--strmgarden1884-xpb.se\/wp-content\/dataprotection_en\/","og_site_name":"Str\u00f6mg\u00e5rden 1884 \u2013 lantliv","article_modified_time":"2022-04-07T12:06:05+00:00","twitter_card":"summary_large_image","twitter_misc":{"Gesch\u00e4tzte Lesezeit":"2\u00a0Minuten"},"schema":{"@context":"https:\/\/schema.org","@graph":[{"@type":"WebPage","@id":"https:\/\/xn--strmgarden1884-xpb.se\/wp-content\/dataprotection_en\/","url":"https:\/\/xn--strmgarden1884-xpb.se\/wp-content\/dataprotection_en\/","name":"Data protection - Str\u00f6mg\u00e5rden 1884 \u2013 lantliv","isPartOf":{"@id":"https:\/\/xn--strmgarden1884-xpb.se\/wp-content\/#website"},"datePublished":"2022-04-07T12:04:40+00:00","dateModified":"2022-04-07T12:06:05+00:00","breadcrumb":{"@id":"https:\/\/xn--strmgarden1884-xpb.se\/wp-content\/dataprotection_en\/#breadcrumb"},"inLanguage":"de-CH","potentialAction":[{"@type":"ReadAction","target":["https:\/\/xn--strmgarden1884-xpb.se\/wp-content\/dataprotection_en\/"]}]},{"@type":"BreadcrumbList","@id":"https:\/\/xn--strmgarden1884-xpb.se\/wp-content\/dataprotection_en\/#breadcrumb","itemListElement":[{"@type":"ListItem","position":1,"name":"Startseite","item":"https:\/\/xn--strmgarden1884-xpb.se\/wp-content\/"},{"@type":"ListItem","position":2,"name":"Data protection"}]},{"@type":"WebSite","@id":"https:\/\/xn--strmgarden1884-xpb.se\/wp-content\/#website","url":"https:\/\/xn--strmgarden1884-xpb.se\/wp-content\/","name":"Str\u00f6mg\u00e5rden 1884 \u2013 lantliv","description":"","potentialAction":[{"@type":"SearchAction","target":{"@type":"EntryPoint","urlTemplate":"https:\/\/xn--strmgarden1884-xpb.se\/wp-content\/?s={search_term_string}"},"query-input":{"@type":"PropertyValueSpecification","valueRequired":true,"valueName":"search_term_string"}}],"inLanguage":"de-CH"}]}},"jetpack_sharing_enabled":true,"_links":{"self":[{"href":"https:\/\/xn--strmgarden1884-xpb.se\/wp-content\/wp-json\/wp\/v2\/pages\/1327","targetHints":{"allow":["GET"]}}],"collection":[{"href":"https:\/\/xn--strmgarden1884-xpb.se\/wp-content\/wp-json\/wp\/v2\/pages"}],"about":[{"href":"https:\/\/xn--strmgarden1884-xpb.se\/wp-content\/wp-json\/wp\/v2\/types\/page"}],"author":[{"embeddable":true,"href":"https:\/\/xn--strmgarden1884-xpb.se\/wp-content\/wp-json\/wp\/v2\/users\/1"}],"replies":[{"embeddable":true,"href":"https:\/\/xn--strmgarden1884-xpb.se\/wp-content\/wp-json\/wp\/v2\/comments?post=1327"}],"version-history":[{"count":2,"href":"https:\/\/xn--strmgarden1884-xpb.se\/wp-content\/wp-json\/wp\/v2\/pages\/1327\/revisions"}],"predecessor-version":[{"id":1331,"href":"https:\/\/xn--strmgarden1884-xpb.se\/wp-content\/wp-json\/wp\/v2\/pages\/1327\/revisions\/1331"}],"wp:attachment":[{"href":"https:\/\/xn--strmgarden1884-xpb.se\/wp-content\/wp-json\/wp\/v2\/media?parent=1327"}],"curies":[{"name":"wp","href":"https:\/\/api.w.org\/{rel}","templated":true}]}}