{"id":1140,"date":"2022-04-04T06:39:59","date_gmt":"2022-04-04T04:39:59","guid":{"rendered":"https:\/\/xn--strmgarden1884-xpb.se\/wp-content\/?page_id=1140"},"modified":"2022-04-04T10:47:22","modified_gmt":"2022-04-04T08:47:22","slug":"contact_en","status":"publish","type":"page","link":"https:\/\/xn--strmgarden1884-xpb.se\/wp-content\/contact_en\/","title":{"rendered":"Contact"},"content":{"rendered":"<p><\/p><div class=\"wp-block-group alignwide has-white-color has-text-color has-background\" style=\"background-color:#6d8d79\"><div class=\"wp-block-group__inner-container is-layout-flow wp-block-group-is-layout-flow\"><h3 class=\"wp-block-heading\" id=\"hasjobyn-gard-och-stugor\"><em>Str\u00f6mg\u00e5rden 1884 &#8211; lantliv<\/em><\/h3>\n\n<div class=\"wp-block-columns alignwide are-vertically-aligned-center is-layout-flex wp-container-core-columns-is-layout-9d6595d7 wp-block-columns-is-layout-flex\"><div class=\"wp-block-column is-vertically-aligned-center is-layout-flow wp-block-column-is-layout-flow\"><pre class=\"wp-block-preformatted\">Urs och Patricia Christen\nH\u00e5sj\u00f6byn 285\n844 97 K\u00e4larne<\/pre>\n\n<div class=\"wp-block-columns is-layout-flex wp-container-core-columns-is-layout-9d6595d7 wp-block-columns-is-layout-flex\"><div class=\"wp-block-column is-vertically-aligned-center is-layout-flow wp-block-column-is-layout-flow\"><p>mail: <a href=\"mailto:info@stromgarden1884.se\">info@stromgarden1884.se<\/a><\/p><\/div>\n\n<div class=\"wp-block-column is-vertically-aligned-center is-layout-flow wp-block-column-is-layout-flow\"><figure class=\"wp-block-image size-thumbnail is-resized\"><a href=\"https:\/\/www.facebook.com\/Str%C3%B6mg%C3%A5rden-1884-lantliv-101852439148148\/\"><img loading=\"lazy\" decoding=\"async\" src=\"https:\/\/xn--strmgarden1884-xpb.se\/wp-content\/wp-content\/uploads\/2022\/03\/facebook-icon-150x150.png\" alt=\"\" class=\"wp-image-1050\" width=\"75\" height=\"75\" srcset=\"https:\/\/xn--strmgarden1884-xpb.se\/wp-content\/wp-content\/uploads\/2022\/03\/facebook-icon-150x150.png 150w, https:\/\/xn--strmgarden1884-xpb.se\/wp-content\/wp-content\/uploads\/2022\/03\/facebook-icon-100x100.png 100w, https:\/\/xn--strmgarden1884-xpb.se\/wp-content\/wp-content\/uploads\/2022\/03\/facebook-icon-24x24.png 24w, https:\/\/xn--strmgarden1884-xpb.se\/wp-content\/wp-content\/uploads\/2022\/03\/facebook-icon-36x36.png 36w, https:\/\/xn--strmgarden1884-xpb.se\/wp-content\/wp-content\/uploads\/2022\/03\/facebook-icon-48x48.png 48w, https:\/\/xn--strmgarden1884-xpb.se\/wp-content\/wp-content\/uploads\/2022\/03\/facebook-icon.png 256w\" sizes=\"auto, (max-width: 75px) 100vw, 75px\" \/><\/a><\/figure><\/div><\/div><\/div><\/div><\/div><\/div><div class=\"wp-block-group alignwide\"><div class=\"wp-block-group__inner-container is-layout-flow wp-block-group-is-layout-flow\"><div class=\"wp-block-columns alignwide is-style-default is-layout-flex wp-container-core-columns-is-layout-9d6595d7 wp-block-columns-is-layout-flex\"><div class=\"wp-block-column is-vertically-aligned-top has-white-color has-text-color has-background is-layout-flow wp-block-column-is-layout-flow\" style=\"background-color:#6d8d79;padding-top:25px;padding-right:25px;padding-bottom:25px;padding-left:25px\"><h2 class=\"wp-block-heading\" id=\"so-findest-du-uns\">How to find us<\/h2>\n\n<p>From Stockholm Airport it is about a 5 \u00bd hours\u2019 drive. If you take a domestic flight to \u00d6stersund than it is about a 1 \u00bc hours\u2019 drive. That has to be said: Driving a car in Sweden is much more relaxed than for example in Switzerland. And in the 5 \u00bd hours\u2019 drive from Stockholm you will already find a lot of wonderful things to see.<\/p>\n\n<div class=\"wp-block-webfactory-map\"><div class=\"wp-block-webfactory-map\"><iframe loading=\"lazy\" width=\"100%\" height=\"721px\" src=\"https:\/\/www.google.com\/maps\/embed\/v1\/place?q=H%C3%A5sj%C3%B6byn%20285%2C%20844%2097%20K%C3%A4larnee&amp;maptype=roadmap&amp;zoom=12&amp;key=AIzaSyBClxj4cO_5zh6SbmG4At7GfGP4pVGZk-c\" frameborder=\"0\"><\/iframe><\/div><\/div><\/div><\/div><\/div><\/div>","protected":false},"excerpt":{"rendered":"<p>Str\u00f6mg\u00e5rden 1884 &#8211; lantliv Urs och Patricia Christen H\u00e5sj\u00f6byn 285 844 97 K\u00e4larne mail: info@stromgarden1884.se How to find us From Stockholm Airport it is about a 5 \u00bd hours\u2019 drive. If you take a domestic flight to \u00d6stersund than it is about a 1 \u00bc hours\u2019 drive. That has to be said: Driving a car [&hellip;]<\/p>\n","protected":false},"author":1,"featured_media":0,"parent":0,"menu_order":0,"comment_status":"closed","ping_status":"closed","template":"","meta":{"ngg_post_thumbnail":0,"footnotes":""},"class_list":["post-1140","page","type-page","status-publish","hentry"],"yoast_head":"<!-- This site is optimized with the Yoast SEO plugin v23.9 - https:\/\/yoast.com\/wordpress\/plugins\/seo\/ -->\n<title>Contact - Str\u00f6mg\u00e5rden 1884 \u2013 lantliv<\/title>\n<meta name=\"robots\" content=\"index, follow, max-snippet:-1, max-image-preview:large, max-video-preview:-1\" \/>\n<link rel=\"canonical\" href=\"https:\/\/xn--strmgarden1884-xpb.se\/wp-content\/contact_en\/\" \/>\n<meta property=\"og:locale\" content=\"de_DE\" \/>\n<meta property=\"og:type\" content=\"article\" \/>\n<meta property=\"og:title\" content=\"Contact - Str\u00f6mg\u00e5rden 1884 \u2013 lantliv\" \/>\n<meta property=\"og:description\" content=\"Str\u00f6mg\u00e5rden 1884 &#8211; lantliv Urs och Patricia Christen H\u00e5sj\u00f6byn 285 844 97 K\u00e4larne mail: info@stromgarden1884.se How to find us From Stockholm Airport it is about a 5 \u00bd hours\u2019 drive. If you take a domestic flight to \u00d6stersund than it is about a 1 \u00bc hours\u2019 drive. That has to be said: Driving a car [&hellip;]\" \/>\n<meta property=\"og:url\" content=\"https:\/\/xn--strmgarden1884-xpb.se\/wp-content\/contact_en\/\" \/>\n<meta property=\"og:site_name\" content=\"Str\u00f6mg\u00e5rden 1884 \u2013 lantliv\" \/>\n<meta property=\"article:modified_time\" content=\"2022-04-04T08:47:22+00:00\" \/>\n<meta property=\"og:image\" content=\"https:\/\/xn--strmgarden1884-xpb.se\/wp-content\/wp-content\/uploads\/2022\/03\/facebook-icon.png\" \/>\n\t<meta property=\"og:image:width\" content=\"256\" \/>\n\t<meta property=\"og:image:height\" content=\"256\" \/>\n\t<meta property=\"og:image:type\" content=\"image\/png\" \/>\n<meta name=\"twitter:card\" content=\"summary_large_image\" \/>\n<script type=\"application\/ld+json\" class=\"yoast-schema-graph\">{\"@context\":\"https:\/\/schema.org\",\"@graph\":[{\"@type\":\"WebPage\",\"@id\":\"https:\/\/xn--strmgarden1884-xpb.se\/wp-content\/contact_en\/\",\"url\":\"https:\/\/xn--strmgarden1884-xpb.se\/wp-content\/contact_en\/\",\"name\":\"Contact - Str\u00f6mg\u00e5rden 1884 \u2013 lantliv\",\"isPartOf\":{\"@id\":\"https:\/\/xn--strmgarden1884-xpb.se\/wp-content\/#website\"},\"primaryImageOfPage\":{\"@id\":\"https:\/\/xn--strmgarden1884-xpb.se\/wp-content\/contact_en\/#primaryimage\"},\"image\":{\"@id\":\"https:\/\/xn--strmgarden1884-xpb.se\/wp-content\/contact_en\/#primaryimage\"},\"thumbnailUrl\":\"https:\/\/xn--strmgarden1884-xpb.se\/wp-content\/wp-content\/uploads\/2022\/03\/facebook-icon-150x150.png\",\"datePublished\":\"2022-04-04T04:39:59+00:00\",\"dateModified\":\"2022-04-04T08:47:22+00:00\",\"breadcrumb\":{\"@id\":\"https:\/\/xn--strmgarden1884-xpb.se\/wp-content\/contact_en\/#breadcrumb\"},\"inLanguage\":\"de-CH\",\"potentialAction\":[{\"@type\":\"ReadAction\",\"target\":[\"https:\/\/xn--strmgarden1884-xpb.se\/wp-content\/contact_en\/\"]}]},{\"@type\":\"ImageObject\",\"inLanguage\":\"de-CH\",\"@id\":\"https:\/\/xn--strmgarden1884-xpb.se\/wp-content\/contact_en\/#primaryimage\",\"url\":\"https:\/\/xn--strmgarden1884-xpb.se\/wp-content\/wp-content\/uploads\/2022\/03\/facebook-icon.png\",\"contentUrl\":\"https:\/\/xn--strmgarden1884-xpb.se\/wp-content\/wp-content\/uploads\/2022\/03\/facebook-icon.png\",\"width\":256,\"height\":256},{\"@type\":\"BreadcrumbList\",\"@id\":\"https:\/\/xn--strmgarden1884-xpb.se\/wp-content\/contact_en\/#breadcrumb\",\"itemListElement\":[{\"@type\":\"ListItem\",\"position\":1,\"name\":\"Startseite\",\"item\":\"https:\/\/xn--strmgarden1884-xpb.se\/wp-content\/\"},{\"@type\":\"ListItem\",\"position\":2,\"name\":\"Contact\"}]},{\"@type\":\"WebSite\",\"@id\":\"https:\/\/xn--strmgarden1884-xpb.se\/wp-content\/#website\",\"url\":\"https:\/\/xn--strmgarden1884-xpb.se\/wp-content\/\",\"name\":\"Str\u00f6mg\u00e5rden 1884 \u2013 lantliv\",\"description\":\"\",\"potentialAction\":[{\"@type\":\"SearchAction\",\"target\":{\"@type\":\"EntryPoint\",\"urlTemplate\":\"https:\/\/xn--strmgarden1884-xpb.se\/wp-content\/?s={search_term_string}\"},\"query-input\":{\"@type\":\"PropertyValueSpecification\",\"valueRequired\":true,\"valueName\":\"search_term_string\"}}],\"inLanguage\":\"de-CH\"}]}<\/script>\n<!-- \/ Yoast SEO plugin. -->","yoast_head_json":{"title":"Contact - Str\u00f6mg\u00e5rden 1884 \u2013 lantliv","robots":{"index":"index","follow":"follow","max-snippet":"max-snippet:-1","max-image-preview":"max-image-preview:large","max-video-preview":"max-video-preview:-1"},"canonical":"https:\/\/xn--strmgarden1884-xpb.se\/wp-content\/contact_en\/","og_locale":"de_DE","og_type":"article","og_title":"Contact - Str\u00f6mg\u00e5rden 1884 \u2013 lantliv","og_description":"Str\u00f6mg\u00e5rden 1884 &#8211; lantliv Urs och Patricia Christen H\u00e5sj\u00f6byn 285 844 97 K\u00e4larne mail: info@stromgarden1884.se How to find us From Stockholm Airport it is about a 5 \u00bd hours\u2019 drive. If you take a domestic flight to \u00d6stersund than it is about a 1 \u00bc hours\u2019 drive. That has to be said: Driving a car [&hellip;]","og_url":"https:\/\/xn--strmgarden1884-xpb.se\/wp-content\/contact_en\/","og_site_name":"Str\u00f6mg\u00e5rden 1884 \u2013 lantliv","article_modified_time":"2022-04-04T08:47:22+00:00","og_image":[{"width":256,"height":256,"url":"https:\/\/xn--strmgarden1884-xpb.se\/wp-content\/wp-content\/uploads\/2022\/03\/facebook-icon.png","type":"image\/png"}],"twitter_card":"summary_large_image","schema":{"@context":"https:\/\/schema.org","@graph":[{"@type":"WebPage","@id":"https:\/\/xn--strmgarden1884-xpb.se\/wp-content\/contact_en\/","url":"https:\/\/xn--strmgarden1884-xpb.se\/wp-content\/contact_en\/","name":"Contact - Str\u00f6mg\u00e5rden 1884 \u2013 lantliv","isPartOf":{"@id":"https:\/\/xn--strmgarden1884-xpb.se\/wp-content\/#website"},"primaryImageOfPage":{"@id":"https:\/\/xn--strmgarden1884-xpb.se\/wp-content\/contact_en\/#primaryimage"},"image":{"@id":"https:\/\/xn--strmgarden1884-xpb.se\/wp-content\/contact_en\/#primaryimage"},"thumbnailUrl":"https:\/\/xn--strmgarden1884-xpb.se\/wp-content\/wp-content\/uploads\/2022\/03\/facebook-icon-150x150.png","datePublished":"2022-04-04T04:39:59+00:00","dateModified":"2022-04-04T08:47:22+00:00","breadcrumb":{"@id":"https:\/\/xn--strmgarden1884-xpb.se\/wp-content\/contact_en\/#breadcrumb"},"inLanguage":"de-CH","potentialAction":[{"@type":"ReadAction","target":["https:\/\/xn--strmgarden1884-xpb.se\/wp-content\/contact_en\/"]}]},{"@type":"ImageObject","inLanguage":"de-CH","@id":"https:\/\/xn--strmgarden1884-xpb.se\/wp-content\/contact_en\/#primaryimage","url":"https:\/\/xn--strmgarden1884-xpb.se\/wp-content\/wp-content\/uploads\/2022\/03\/facebook-icon.png","contentUrl":"https:\/\/xn--strmgarden1884-xpb.se\/wp-content\/wp-content\/uploads\/2022\/03\/facebook-icon.png","width":256,"height":256},{"@type":"BreadcrumbList","@id":"https:\/\/xn--strmgarden1884-xpb.se\/wp-content\/contact_en\/#breadcrumb","itemListElement":[{"@type":"ListItem","position":1,"name":"Startseite","item":"https:\/\/xn--strmgarden1884-xpb.se\/wp-content\/"},{"@type":"ListItem","position":2,"name":"Contact"}]},{"@type":"WebSite","@id":"https:\/\/xn--strmgarden1884-xpb.se\/wp-content\/#website","url":"https:\/\/xn--strmgarden1884-xpb.se\/wp-content\/","name":"Str\u00f6mg\u00e5rden 1884 \u2013 lantliv","description":"","potentialAction":[{"@type":"SearchAction","target":{"@type":"EntryPoint","urlTemplate":"https:\/\/xn--strmgarden1884-xpb.se\/wp-content\/?s={search_term_string}"},"query-input":{"@type":"PropertyValueSpecification","valueRequired":true,"valueName":"search_term_string"}}],"inLanguage":"de-CH"}]}},"jetpack_sharing_enabled":true,"_links":{"self":[{"href":"https:\/\/xn--strmgarden1884-xpb.se\/wp-content\/wp-json\/wp\/v2\/pages\/1140","targetHints":{"allow":["GET"]}}],"collection":[{"href":"https:\/\/xn--strmgarden1884-xpb.se\/wp-content\/wp-json\/wp\/v2\/pages"}],"about":[{"href":"https:\/\/xn--strmgarden1884-xpb.se\/wp-content\/wp-json\/wp\/v2\/types\/page"}],"author":[{"embeddable":true,"href":"https:\/\/xn--strmgarden1884-xpb.se\/wp-content\/wp-json\/wp\/v2\/users\/1"}],"replies":[{"embeddable":true,"href":"https:\/\/xn--strmgarden1884-xpb.se\/wp-content\/wp-json\/wp\/v2\/comments?post=1140"}],"version-history":[{"count":4,"href":"https:\/\/xn--strmgarden1884-xpb.se\/wp-content\/wp-json\/wp\/v2\/pages\/1140\/revisions"}],"predecessor-version":[{"id":1257,"href":"https:\/\/xn--strmgarden1884-xpb.se\/wp-content\/wp-json\/wp\/v2\/pages\/1140\/revisions\/1257"}],"wp:attachment":[{"href":"https:\/\/xn--strmgarden1884-xpb.se\/wp-content\/wp-json\/wp\/v2\/media?parent=1140"}],"curies":[{"name":"wp","href":"https:\/\/api.w.org\/{rel}","templated":true}]}}